{"id":14249,"date":"2015-09-19T15:59:36","date_gmt":"2015-09-19T12:59:36","guid":{"rendered":"https:\/\/editura-unibuc.ro\/?post_type=product&#038;p=14249"},"modified":"2024-04-10T10:35:16","modified_gmt":"2024-04-10T07:35:16","slug":"realitate-si-constructie-simbolica-in-documentarul-de-televiziune","status":"publish","type":"product","link":"https:\/\/editura-unibuc.ro\/en\/realitate-si-constructie-simbolica-in-documentarul-de-televiziune\/","title":{"rendered":"REALITATE \u015eI CONSTRUC\u0162IE SIMBOLIC\u0102 \u00ceN DOCUMENTARUL DE TELEVIZIUNE"},"content":{"rendered":"<p>\u201cCartea <em>Realitate \u015fi construc\u0163ie simbolic\u0103 \u00een documentarul de televiziune<\/em>, prezint\u0103 o scurt\u0103 istorie a unuia dintre cele mai complexe genuri jurnalistice \u015fi, \u00een acela\u015fi timp, propune un exerci\u0163iu de imagina\u0163ie: cum va ar\u0103ta documentarul tv peste al\u0163i 100 de ani, \u00een contextul evolu\u0163iei sale anterioare?\u201d<\/p>\n","protected":false},"excerpt":{"rendered":"<p>\u201cCartea Realitate \u015fi construc\u0163ie simbolic\u0103 \u00een documentarul de televiziune, prezint\u0103 o scurt\u0103 istorie a unuia dintre cele mai complexe genuri jurnalistice \u015fi, \u00een acela\u015fi timp, propune un exerci\u0163iu de imagina\u0163ie: cum va ar\u0103ta documentarul tv peste al\u0163i 100 de ani, \u00een contextul evolu\u0163iei sale anterioare?\u201d<\/p>\n","protected":false},"featured_media":14250,"comment_status":"open","ping_status":"closed","template":"","meta":[],"product_brand":[],"product_cat":[991,996],"product_tag":[1685,1683,1684,1100],"class_list":{"0":"post-14249","1":"product","2":"type-product","3":"status-publish","4":"has-post-thumbnail","6":"product_cat-stiinte-sociale","7":"product_cat-jurnalism-si-stiintele-comunicarii","8":"product_tag-documentar","9":"product_tag-genuri-jurnalistice","10":"product_tag-interviu","11":"product_tag-jurnalism","13":"first","14":"instock","15":"shipping-taxable","16":"purchasable","17":"product-type-simple"},"_links":{"self":[{"href":"https:\/\/editura-unibuc.ro\/en\/wp-json\/wp\/v2\/product\/14249","targetHints":{"allow":["GET"]}}],"collection":[{"href":"https:\/\/editura-unibuc.ro\/en\/wp-json\/wp\/v2\/product"}],"about":[{"href":"https:\/\/editura-unibuc.ro\/en\/wp-json\/wp\/v2\/types\/product"}],"replies":[{"embeddable":true,"href":"https:\/\/editura-unibuc.ro\/en\/wp-json\/wp\/v2\/comments?post=14249"}],"wp:featuredmedia":[{"embeddable":true,"href":"https:\/\/editura-unibuc.ro\/en\/wp-json\/wp\/v2\/media\/14250"}],"wp:attachment":[{"href":"https:\/\/editura-unibuc.ro\/en\/wp-json\/wp\/v2\/media?parent=14249"}],"wp:term":[{"taxonomy":"product_brand","embeddable":true,"href":"https:\/\/editura-unibuc.ro\/en\/wp-json\/wp\/v2\/product_brand?post=14249"},{"taxonomy":"product_cat","embeddable":true,"href":"https:\/\/editura-unibuc.ro\/en\/wp-json\/wp\/v2\/product_cat?post=14249"},{"taxonomy":"product_tag","embeddable":true,"href":"https:\/\/editura-unibuc.ro\/en\/wp-json\/wp\/v2\/product_tag?post=14249"}],"curies":[{"name":"wp","href":"https:\/\/api.w.org\/{rel}","templated":true}]}}