{"id":14251,"date":"2015-09-19T16:01:08","date_gmt":"2015-09-19T13:01:08","guid":{"rendered":"https:\/\/editura-unibuc.ro\/?post_type=product&#038;p=14251"},"modified":"2015-09-19T16:01:08","modified_gmt":"2015-09-19T13:01:08","slug":"studentul-agent-sau-sursa-de-evaluare-a-cadrului-didactic-universitar","status":"publish","type":"product","link":"https:\/\/editura-unibuc.ro\/en\/studentul-agent-sau-sursa-de-evaluare-a-cadrului-didactic-universitar\/","title":{"rendered":"STUDENTUL \u2013 AGENT SAU SURS\u0102 DE EVALUARE A CADRULUI DIDACTIC UNIVERSITAR"},"content":{"rendered":"<p><em>\u201cStudentul \u2013 agent sau surs\u0103 de evaluare a cadrului didactic universitar<\/em> este o lucrare interdisciplinar\u0103, situat\u0103 \u00eentre preocup\u0103rile legate de domeniul \u015ftiin\u0163elor educa\u0163iei, dar \u015fi cel al psihologiei. Se dore\u015fte a fi un demers academic de fundamentare \u015fi de mobilizare \u00een privin\u0163a indentific\u0103rii celor mai bune modalit\u0103\u0163i de aplicare a evalu\u0103rii cadrelor didactice universitare.\u201d<\/p>\n","protected":false},"excerpt":{"rendered":"<p>\u201cStudentul \u2013 agent sau surs\u0103 de evaluare a cadrului didactic universitar este o lucrare interdisciplinar\u0103, situat\u0103 \u00eentre preocup\u0103rile legate de domeniul \u015ftiin\u0163elor educa\u0163iei, dar \u015fi cel al psihologiei. Se dore\u015fte a fi un demers academic de fundamentare \u015fi de mobilizare \u00een privin\u0163a indentific\u0103rii celor mai bune modalit\u0103\u0163i de aplicare a evalu\u0103rii cadrelor didactice universitare.\u201d<\/p>\n","protected":false},"featured_media":14252,"comment_status":"open","ping_status":"closed","template":"","meta":[],"product_brand":[],"product_cat":[991,997],"product_tag":[1686,1294,1268],"class_list":{"0":"post-14251","1":"product","2":"type-product","3":"status-publish","4":"has-post-thumbnail","6":"product_cat-stiinte-sociale","7":"product_cat-psihologie-stiintele-educatiei-si-pedagogie","8":"product_tag-cadre-didactice","9":"product_tag-cercetare","10":"product_tag-studenti","12":"first","13":"instock","14":"shipping-taxable","15":"purchasable","16":"product-type-simple"},"_links":{"self":[{"href":"https:\/\/editura-unibuc.ro\/en\/wp-json\/wp\/v2\/product\/14251","targetHints":{"allow":["GET"]}}],"collection":[{"href":"https:\/\/editura-unibuc.ro\/en\/wp-json\/wp\/v2\/product"}],"about":[{"href":"https:\/\/editura-unibuc.ro\/en\/wp-json\/wp\/v2\/types\/product"}],"replies":[{"embeddable":true,"href":"https:\/\/editura-unibuc.ro\/en\/wp-json\/wp\/v2\/comments?post=14251"}],"wp:featuredmedia":[{"embeddable":true,"href":"https:\/\/editura-unibuc.ro\/en\/wp-json\/wp\/v2\/media\/14252"}],"wp:attachment":[{"href":"https:\/\/editura-unibuc.ro\/en\/wp-json\/wp\/v2\/media?parent=14251"}],"wp:term":[{"taxonomy":"product_brand","embeddable":true,"href":"https:\/\/editura-unibuc.ro\/en\/wp-json\/wp\/v2\/product_brand?post=14251"},{"taxonomy":"product_cat","embeddable":true,"href":"https:\/\/editura-unibuc.ro\/en\/wp-json\/wp\/v2\/product_cat?post=14251"},{"taxonomy":"product_tag","embeddable":true,"href":"https:\/\/editura-unibuc.ro\/en\/wp-json\/wp\/v2\/product_tag?post=14251"}],"curies":[{"name":"wp","href":"https:\/\/api.w.org\/{rel}","templated":true}]}}