{"id":14389,"date":"2015-11-04T11:12:30","date_gmt":"2015-11-04T09:12:30","guid":{"rendered":"https:\/\/editura-unibuc.ro\/?post_type=product&#038;p=14389"},"modified":"2024-04-11T11:37:17","modified_gmt":"2024-04-11T08:37:17","slug":"tipuri-de-propozitii-si-fraze-in-limba-japoneza-cu-structuri-gramaticale-de-nivel-avansat","status":"publish","type":"product","link":"https:\/\/editura-unibuc.ro\/en\/tipuri-de-propozitii-si-fraze-in-limba-japoneza-cu-structuri-gramaticale-de-nivel-avansat\/","title":{"rendered":"TIPURI DE PROPOZI\u0162II \u015eI FRAZE \u00ceN LIMBA JAPONEZ\u0102: CU STRUCTURI GRAMATICALE DE NIVEL AVANSAT"},"content":{"rendered":"<p>Lucrarea \u00ee\u015fi propune prezentarea unor structuri gramaticale specifice de nivel avansat din limba japonez\u0103, care apar \u00een genere \u00een limba scris\u0103, \u00een texte literare, critic\u0103 literar\u0103, texte media.<\/p>\n","protected":false},"excerpt":{"rendered":"<p>Lucrarea \u00ee\u015fi propune prezentarea unor structuri gramaticale specifice de nivel avansat din limba japonez\u0103, care apar \u00een genere \u00een limba scris\u0103, \u00een texte literare, critic\u0103 literar\u0103, texte media.<\/p>\n","protected":false},"featured_media":14390,"comment_status":"open","ping_status":"closed","template":"","meta":[],"product_brand":[],"product_cat":[1464,980],"product_tag":[1693,1694],"class_list":{"0":"post-14389","1":"product","2":"type-product","3":"status-publish","4":"has-post-thumbnail","6":"product_cat-filologie","7":"product_cat-limbi-romanice-clasice-si-orientale","8":"product_tag-gramatica-japoneza","9":"product_tag-lexic-japonez","11":"first","12":"instock","13":"shipping-taxable","14":"purchasable","15":"product-type-simple"},"_links":{"self":[{"href":"https:\/\/editura-unibuc.ro\/en\/wp-json\/wp\/v2\/product\/14389","targetHints":{"allow":["GET"]}}],"collection":[{"href":"https:\/\/editura-unibuc.ro\/en\/wp-json\/wp\/v2\/product"}],"about":[{"href":"https:\/\/editura-unibuc.ro\/en\/wp-json\/wp\/v2\/types\/product"}],"replies":[{"embeddable":true,"href":"https:\/\/editura-unibuc.ro\/en\/wp-json\/wp\/v2\/comments?post=14389"}],"wp:featuredmedia":[{"embeddable":true,"href":"https:\/\/editura-unibuc.ro\/en\/wp-json\/wp\/v2\/media\/14390"}],"wp:attachment":[{"href":"https:\/\/editura-unibuc.ro\/en\/wp-json\/wp\/v2\/media?parent=14389"}],"wp:term":[{"taxonomy":"product_brand","embeddable":true,"href":"https:\/\/editura-unibuc.ro\/en\/wp-json\/wp\/v2\/product_brand?post=14389"},{"taxonomy":"product_cat","embeddable":true,"href":"https:\/\/editura-unibuc.ro\/en\/wp-json\/wp\/v2\/product_cat?post=14389"},{"taxonomy":"product_tag","embeddable":true,"href":"https:\/\/editura-unibuc.ro\/en\/wp-json\/wp\/v2\/product_tag?post=14389"}],"curies":[{"name":"wp","href":"https:\/\/api.w.org\/{rel}","templated":true}]}}