{"id":14394,"date":"2015-11-04T11:17:01","date_gmt":"2015-11-04T09:17:01","guid":{"rendered":"https:\/\/editura-unibuc.ro\/?post_type=product&#038;p=14394"},"modified":"2025-08-07T13:38:38","modified_gmt":"2025-08-07T10:38:38","slug":"a-xiii-a-conferinta-nationala-de-invatamant-virtual-31-octombrie-2015-timisoara","status":"publish","type":"product","link":"https:\/\/editura-unibuc.ro\/en\/a-xiii-a-conferinta-nationala-de-invatamant-virtual-31-octombrie-2015-timisoara\/","title":{"rendered":"A XIII-A CONFERIN\u0162\u0102 NA\u0162IONAL\u0102 DE \u00ceNV\u0102\u0162\u0102M\u00c2NT VIRTUAL.31 OCTOMBRIE 2015 TIMI\u015eOARA"},"content":{"rendered":"<p>Din sumar: Silvia F\u0103t, <em>Utilizarea tehnologiei \u00een evaluarea educa\u0163ional\u0103<\/em>; Irina Vasilescu, <em>Matematica \u015fi inteligen\u0163ele multiple<\/em>; Simona Opri\u015f, <em>Lec\u0163ii virtuale. Pompe.<\/em><\/p>\n","protected":false},"excerpt":{"rendered":"<p>Din sumar: Silvia F\u0103t, Utilizarea tehnologiei \u00een evaluarea educa\u0163ional\u0103; Irina Vasilescu, Matematica \u015fi inteligen\u0163ele multiple; Simona Opri\u015f, Lec\u0163ii virtuale. Pompe.<\/p>\n","protected":false},"featured_media":14392,"comment_status":"open","ping_status":"closed","template":"","meta":[],"product_brand":[],"product_cat":[982,985,986,991,997],"product_tag":[1696,1698,1697],"class_list":{"0":"post-14394","1":"product","2":"type-product","3":"status-publish","4":"has-post-thumbnail","6":"product_cat-stiinte-exacte","7":"product_cat-informatica","8":"product_cat-matematica","9":"product_cat-stiinte-sociale","10":"product_cat-psihologie-stiintele-educatiei-si-pedagogie","11":"product_tag-invatamant-virtual","12":"product_tag-management-educational","13":"product_tag-software-educational","15":"first","16":"outofstock","17":"shipping-taxable","18":"purchasable","19":"product-type-simple"},"_links":{"self":[{"href":"https:\/\/editura-unibuc.ro\/en\/wp-json\/wp\/v2\/product\/14394","targetHints":{"allow":["GET"]}}],"collection":[{"href":"https:\/\/editura-unibuc.ro\/en\/wp-json\/wp\/v2\/product"}],"about":[{"href":"https:\/\/editura-unibuc.ro\/en\/wp-json\/wp\/v2\/types\/product"}],"replies":[{"embeddable":true,"href":"https:\/\/editura-unibuc.ro\/en\/wp-json\/wp\/v2\/comments?post=14394"}],"wp:featuredmedia":[{"embeddable":true,"href":"https:\/\/editura-unibuc.ro\/en\/wp-json\/wp\/v2\/media\/14392"}],"wp:attachment":[{"href":"https:\/\/editura-unibuc.ro\/en\/wp-json\/wp\/v2\/media?parent=14394"}],"wp:term":[{"taxonomy":"product_brand","embeddable":true,"href":"https:\/\/editura-unibuc.ro\/en\/wp-json\/wp\/v2\/product_brand?post=14394"},{"taxonomy":"product_cat","embeddable":true,"href":"https:\/\/editura-unibuc.ro\/en\/wp-json\/wp\/v2\/product_cat?post=14394"},{"taxonomy":"product_tag","embeddable":true,"href":"https:\/\/editura-unibuc.ro\/en\/wp-json\/wp\/v2\/product_tag?post=14394"}],"curies":[{"name":"wp","href":"https:\/\/api.w.org\/{rel}","templated":true}]}}