{"id":14399,"date":"2015-11-04T11:23:30","date_gmt":"2015-11-04T09:23:30","guid":{"rendered":"https:\/\/editura-unibuc.ro\/?post_type=product&#038;p=14399"},"modified":"2019-11-11T13:12:41","modified_gmt":"2019-11-11T11:12:41","slug":"nova-studia-classica-nova-series-i-idei-si-zei","status":"publish","type":"product","link":"https:\/\/editura-unibuc.ro\/en\/nova-studia-classica-nova-series-i-idei-si-zei\/","title":{"rendered":"NOVA STUDIA CLASSICA. Nova series, I: Idei \u015fi zei"},"content":{"rendered":"<p>\u201eVolumul [\u2026] este o punere \u00een valoare a eforturilor depuse de-a lungul anilor de tineri afla\u0163i la v\u00e2rsta form\u0103rii filologice. Diversitatea temelor este omogenizat\u0103 (\u015fi, deopotriv\u0103, structurat\u0103 \u00eentr-o ordine logic\u0103) prin efortul editorial care a dus la apari\u0163ia acestui volum [\u2026].\u201d (Ioana COSTA, \u201eP\u0103r\u0163ile unui \u00eentreg\u201d, <em>Convorbiri literare<\/em>, Anul CXLVII, 15 iulie 2015, <a href=\"http:\/\/convorbiri-literare.ro\/?p=4692\">http:\/\/convorbiri-literare.ro\/?p=4692<\/a>)<\/p>\n<p>\u201eScopul fundamental pe care colec\u0163ia <em>Nova Studia Classica<\/em> \u015fi l-a propus \u00eenc\u0103 de la prima sa apari\u0163ie, cea din anul 2003, credem c\u0103 a fost \u015fi de data aceasta atins. A oferi unei viitoare, \u00eenc\u0103 nescrise, istorii a filologiei clasice rom\u00e2ne\u015fti una dintre paginile ei cele mai ilustrative pentru \u00een\u0163elegerea modului \u00een care, \u00eentr-un spa\u0163iu dat \u015fi \u00eentr-un timp dat, se formeaz\u0103 o <strong><em>\u015fcoal\u0103 de filologie<\/em><\/strong>.\u201d (Liviu FRANGA)<\/p>\n","protected":false},"excerpt":{"rendered":"<p>\u201eVolumul [\u2026] este o punere \u00een valoare a eforturilor depuse de-a lungul anilor de tineri afla\u0163i la v\u00e2rsta form\u0103rii filologice. Diversitatea temelor este omogenizat\u0103 (\u015fi, deopotriv\u0103, structurat\u0103 \u00eentr-o ordine logic\u0103) prin efortul editorial care a dus la apari\u0163ia acestui volum [\u2026].\u201d (Ioana COSTA, \u201eP\u0103r\u0163ile unui \u00eentreg\u201d, Convorbiri literare, Anul CXLVII, 15 iulie 2015, http:\/\/convorbiri-literare.ro\/?p=4692) \u201eScopul [&hellip;]<\/p>\n","protected":false},"featured_media":14400,"comment_status":"open","ping_status":"closed","template":"","meta":[],"product_brand":[],"product_cat":[1531,856,1464,980],"product_tag":[942,1705,1707,1706,1704],"class_list":{"0":"post-14399","1":"product","2":"type-product","3":"status-publish","4":"has-post-thumbnail","6":"product_cat-colectii","7":"product_cat-colectia-lci-limbi-culturi-identitati","8":"product_cat-filologie","9":"product_cat-limbi-romanice-clasice-si-orientale","10":"product_tag-antichitate","11":"product_tag-filosofie-antica","12":"product_tag-lingvistica-latina","13":"product_tag-oratorie-latina","14":"product_tag-studii-clasice","16":"first","17":"instock","18":"shipping-taxable","19":"purchasable","20":"product-type-simple"},"_links":{"self":[{"href":"https:\/\/editura-unibuc.ro\/en\/wp-json\/wp\/v2\/product\/14399","targetHints":{"allow":["GET"]}}],"collection":[{"href":"https:\/\/editura-unibuc.ro\/en\/wp-json\/wp\/v2\/product"}],"about":[{"href":"https:\/\/editura-unibuc.ro\/en\/wp-json\/wp\/v2\/types\/product"}],"replies":[{"embeddable":true,"href":"https:\/\/editura-unibuc.ro\/en\/wp-json\/wp\/v2\/comments?post=14399"}],"wp:featuredmedia":[{"embeddable":true,"href":"https:\/\/editura-unibuc.ro\/en\/wp-json\/wp\/v2\/media\/14400"}],"wp:attachment":[{"href":"https:\/\/editura-unibuc.ro\/en\/wp-json\/wp\/v2\/media?parent=14399"}],"wp:term":[{"taxonomy":"product_brand","embeddable":true,"href":"https:\/\/editura-unibuc.ro\/en\/wp-json\/wp\/v2\/product_brand?post=14399"},{"taxonomy":"product_cat","embeddable":true,"href":"https:\/\/editura-unibuc.ro\/en\/wp-json\/wp\/v2\/product_cat?post=14399"},{"taxonomy":"product_tag","embeddable":true,"href":"https:\/\/editura-unibuc.ro\/en\/wp-json\/wp\/v2\/product_tag?post=14399"}],"curies":[{"name":"wp","href":"https:\/\/api.w.org\/{rel}","templated":true}]}}