{"id":14405,"date":"2015-11-04T11:29:22","date_gmt":"2015-11-04T09:29:22","guid":{"rendered":"https:\/\/editura-unibuc.ro\/?post_type=product&#038;p=14405"},"modified":"2016-02-18T15:06:55","modified_gmt":"2016-02-18T13:06:55","slug":"logiques-de-lex-centrique-heterotopos-82015","status":"publish","type":"product","link":"https:\/\/editura-unibuc.ro\/en\/logiques-de-lex-centrique-heterotopos-82015\/","title":{"rendered":"LOGIQUES DE L\u2019EX-CENTRIQUE. HETEROTOPOS 8\/2015"},"content":{"rendered":"<p>Din sumar: Mihaela Voicu, <em>Espaces autres \u00e0 pr\u00e9tention centrip\u00e8te dans le roman arthurien en vers<\/em>; Liliana Anghel, <em>L\u2019attirance et l\u2019horreur du centre chez Baudelaire<\/em>; Corina Popescu, <em>Glisaje ale centralit\u0103\u0163ii mundane contemporane<\/em>.<\/p>\n","protected":false},"excerpt":{"rendered":"<p>Din sumar: Mihaela Voicu, Espaces autres \u00e0 pr\u00e9tention centrip\u00e8te dans le roman arthurien en vers; Liliana Anghel, L\u2019attirance et l\u2019horreur du centre chez Baudelaire; Corina Popescu, Glisaje ale centralit\u0103\u0163ii mundane contemporane.<\/p>\n","protected":false},"featured_media":14406,"comment_status":"open","ping_status":"closed","template":"","meta":[],"product_brand":[],"product_cat":[1531,854,1464,977],"product_tag":[1716,1718,1717],"class_list":{"0":"post-14405","1":"product","2":"type-product","3":"status-publish","4":"has-post-thumbnail","6":"product_cat-colectii","7":"product_cat-colectia-heterotopos","8":"product_cat-filologie","9":"product_cat-limba-franceza","10":"product_tag-casanova","11":"product_tag-julien-gracq","12":"product_tag-moliere","14":"first","15":"instock","16":"shipping-taxable","17":"purchasable","18":"product-type-simple"},"_links":{"self":[{"href":"https:\/\/editura-unibuc.ro\/en\/wp-json\/wp\/v2\/product\/14405","targetHints":{"allow":["GET"]}}],"collection":[{"href":"https:\/\/editura-unibuc.ro\/en\/wp-json\/wp\/v2\/product"}],"about":[{"href":"https:\/\/editura-unibuc.ro\/en\/wp-json\/wp\/v2\/types\/product"}],"replies":[{"embeddable":true,"href":"https:\/\/editura-unibuc.ro\/en\/wp-json\/wp\/v2\/comments?post=14405"}],"wp:featuredmedia":[{"embeddable":true,"href":"https:\/\/editura-unibuc.ro\/en\/wp-json\/wp\/v2\/media\/14406"}],"wp:attachment":[{"href":"https:\/\/editura-unibuc.ro\/en\/wp-json\/wp\/v2\/media?parent=14405"}],"wp:term":[{"taxonomy":"product_brand","embeddable":true,"href":"https:\/\/editura-unibuc.ro\/en\/wp-json\/wp\/v2\/product_brand?post=14405"},{"taxonomy":"product_cat","embeddable":true,"href":"https:\/\/editura-unibuc.ro\/en\/wp-json\/wp\/v2\/product_cat?post=14405"},{"taxonomy":"product_tag","embeddable":true,"href":"https:\/\/editura-unibuc.ro\/en\/wp-json\/wp\/v2\/product_tag?post=14405"}],"curies":[{"name":"wp","href":"https:\/\/api.w.org\/{rel}","templated":true}]}}