{"id":14407,"date":"2015-11-04T11:31:25","date_gmt":"2015-11-04T09:31:25","guid":{"rendered":"https:\/\/editura-unibuc.ro\/?post_type=product&#038;p=14407"},"modified":"2025-03-13T12:29:59","modified_gmt":"2025-03-13T10:29:59","slug":"romanoslavica-vol-li-nr-2","status":"publish","type":"product","link":"https:\/\/editura-unibuc.ro\/en\/romanoslavica-vol-li-nr-2\/","title":{"rendered":"ROMANOSLAVICA, VOL. LI, NR. 2"},"content":{"rendered":"<p>Din sumar: Marina Ilie, <em>Poezia cu caracter constatator \u015fi profetic<\/em>; Ecaterina Hlihor, <em>Politici lingvistice \u015fi securitate identitar\u0103 \u00een Repiblica Moldova<\/em>; Anca Irina Ionescu, <em>Teodora Alexandru-Dobri\u0163oiu la 80 de ani<\/em>.<\/p>\n","protected":false},"excerpt":{"rendered":"<p>Din sumar: Marina Ilie, Poezia cu caracter constatator \u015fi profetic; Ecaterina Hlihor, Politici lingvistice \u015fi securitate identitar\u0103 \u00een Repiblica Moldova; Anca Irina Ionescu, Teodora Alexandru-Dobri\u0163oiu la 80 de ani.<\/p>\n","protected":false},"featured_media":14408,"comment_status":"open","ping_status":"closed","template":"","meta":[],"product_brand":[],"product_cat":[3823,1464,981,1469],"product_tag":[1720,1719,1550],"class_list":{"0":"post-14407","1":"product","2":"type-product","3":"status-publish","4":"has-post-thumbnail","6":"product_cat-stiinte-umane","7":"product_cat-filologie","8":"product_cat-limbi-slave","9":"product_cat-periodice","10":"product_tag-exprimare-media","11":"product_tag-politici-lingvistice","12":"product_tag-republica-moldova","14":"first","15":"instock","16":"shipping-taxable","17":"purchasable","18":"product-type-simple"},"_links":{"self":[{"href":"https:\/\/editura-unibuc.ro\/en\/wp-json\/wp\/v2\/product\/14407","targetHints":{"allow":["GET"]}}],"collection":[{"href":"https:\/\/editura-unibuc.ro\/en\/wp-json\/wp\/v2\/product"}],"about":[{"href":"https:\/\/editura-unibuc.ro\/en\/wp-json\/wp\/v2\/types\/product"}],"replies":[{"embeddable":true,"href":"https:\/\/editura-unibuc.ro\/en\/wp-json\/wp\/v2\/comments?post=14407"}],"wp:featuredmedia":[{"embeddable":true,"href":"https:\/\/editura-unibuc.ro\/en\/wp-json\/wp\/v2\/media\/14408"}],"wp:attachment":[{"href":"https:\/\/editura-unibuc.ro\/en\/wp-json\/wp\/v2\/media?parent=14407"}],"wp:term":[{"taxonomy":"product_brand","embeddable":true,"href":"https:\/\/editura-unibuc.ro\/en\/wp-json\/wp\/v2\/product_brand?post=14407"},{"taxonomy":"product_cat","embeddable":true,"href":"https:\/\/editura-unibuc.ro\/en\/wp-json\/wp\/v2\/product_cat?post=14407"},{"taxonomy":"product_tag","embeddable":true,"href":"https:\/\/editura-unibuc.ro\/en\/wp-json\/wp\/v2\/product_tag?post=14407"}],"curies":[{"name":"wp","href":"https:\/\/api.w.org\/{rel}","templated":true}]}}