{"id":14411,"date":"2015-11-04T11:34:54","date_gmt":"2015-11-04T09:34:54","guid":{"rendered":"https:\/\/editura-unibuc.ro\/?post_type=product&#038;p=14411"},"modified":"2023-11-20T12:31:59","modified_gmt":"2023-11-20T10:31:59","slug":"elemente-de-algebra-liniara-editia-a-ii-a-revizuita","status":"publish","type":"product","link":"https:\/\/editura-unibuc.ro\/en\/elemente-de-algebra-liniara-editia-a-ii-a-revizuita\/","title":{"rendered":"ELEMENTE DE ALGEBR\u0102 LINIAR\u0102. EDI\u0162IA A II-A, REVIZUIT\u0102"},"content":{"rendered":"<p>Aceast\u0103 carte prezint\u0103 elemente de baz\u0103 ale teoriei spa\u0163iilor Hilbert finit-dimensionale \u015fi unele aplica\u0163ii \u00een matematic\u0103 \u015fi fizic\u0103. Se urm\u0103re\u015fte ini\u0163ierea cititorului \u00een algebra liniar\u0103, familiarizarea cu formalismul matematic utilizat \u00een mecanica cuantic\u0103 \u015fi teoria cuantic\u0103 a informa\u0163iei.<\/p>\n","protected":false},"excerpt":{"rendered":"<p>Aceast\u0103 carte prezint\u0103 elemente de baz\u0103 ale teoriei spa\u0163iilor Hilbert finit-dimensionale \u015fi unele aplica\u0163ii \u00een matematic\u0103 \u015fi fizic\u0103. Se urm\u0103re\u015fte ini\u0163ierea cititorului \u00een algebra liniar\u0103, familiarizarea cu formalismul matematic utilizat \u00een mecanica cuantic\u0103 \u015fi teoria cuantic\u0103 a informa\u0163iei.<\/p>\n","protected":false},"featured_media":14412,"comment_status":"open","ping_status":"closed","template":"","meta":[],"product_brand":[],"product_cat":[982,986],"product_tag":[897,1723,1722],"class_list":{"0":"post-14411","1":"product","2":"type-product","3":"status-publish","4":"has-post-thumbnail","6":"product_cat-stiinte-exacte","7":"product_cat-matematica","8":"product_tag-algebra","9":"product_tag-sisteme-cuantice","10":"product_tag-spatii-vectoriale","12":"first","13":"outofstock","14":"shipping-taxable","15":"purchasable","16":"product-type-simple"},"_links":{"self":[{"href":"https:\/\/editura-unibuc.ro\/en\/wp-json\/wp\/v2\/product\/14411","targetHints":{"allow":["GET"]}}],"collection":[{"href":"https:\/\/editura-unibuc.ro\/en\/wp-json\/wp\/v2\/product"}],"about":[{"href":"https:\/\/editura-unibuc.ro\/en\/wp-json\/wp\/v2\/types\/product"}],"replies":[{"embeddable":true,"href":"https:\/\/editura-unibuc.ro\/en\/wp-json\/wp\/v2\/comments?post=14411"}],"wp:featuredmedia":[{"embeddable":true,"href":"https:\/\/editura-unibuc.ro\/en\/wp-json\/wp\/v2\/media\/14412"}],"wp:attachment":[{"href":"https:\/\/editura-unibuc.ro\/en\/wp-json\/wp\/v2\/media?parent=14411"}],"wp:term":[{"taxonomy":"product_brand","embeddable":true,"href":"https:\/\/editura-unibuc.ro\/en\/wp-json\/wp\/v2\/product_brand?post=14411"},{"taxonomy":"product_cat","embeddable":true,"href":"https:\/\/editura-unibuc.ro\/en\/wp-json\/wp\/v2\/product_cat?post=14411"},{"taxonomy":"product_tag","embeddable":true,"href":"https:\/\/editura-unibuc.ro\/en\/wp-json\/wp\/v2\/product_tag?post=14411"}],"curies":[{"name":"wp","href":"https:\/\/api.w.org\/{rel}","templated":true}]}}