{"id":14413,"date":"2015-11-04T11:36:44","date_gmt":"2015-11-04T09:36:44","guid":{"rendered":"https:\/\/editura-unibuc.ro\/?post_type=product&#038;p=14413"},"modified":"2020-09-28T15:27:05","modified_gmt":"2020-09-28T12:27:05","slug":"hermeneutica-ideii-de-filosofie-romaneasca","status":"publish","type":"product","link":"https:\/\/editura-unibuc.ro\/en\/hermeneutica-ideii-de-filosofie-romaneasca\/","title":{"rendered":"HERMENEUTICA IDEII DE FILOSOFIE ROM\u00c2NEASC\u0102"},"content":{"rendered":"<p>\u00cen lucr\u0103rile publicate \u00een volumul de fa\u0163\u0103, premisa a fost ideea c\u0103 \u00eens\u0103\u015fi tematica \u015fi tehnicile de filosofare trebuie vizate de \u00eentrebare, trebuie interogate astfel \u00eenc\u00e2t nimic s\u0103 nu fie acceptat de la sine \u00een\u0163eles.<\/p>\n","protected":false},"excerpt":{"rendered":"<p>\u00cen lucr\u0103rile publicate \u00een volumul de fa\u0163\u0103, premisa a fost ideea c\u0103 \u00eens\u0103\u015fi tematica \u015fi tehnicile de filosofare trebuie vizate de \u00eentrebare, trebuie interogate astfel \u00eenc\u00e2t nimic s\u0103 nu fie acceptat de la sine \u00een\u0163eles.<\/p>\n","protected":false},"featured_media":14414,"comment_status":"open","ping_status":"closed","template":"","meta":[],"product_brand":[],"product_cat":[991,994],"product_tag":[1724,1725,1726],"class_list":{"0":"post-14413","1":"product","2":"type-product","3":"status-publish","4":"has-post-thumbnail","6":"product_cat-stiinte-sociale","7":"product_cat-filosofie","8":"product_tag-comunitate-epistemica","9":"product_tag-noica","10":"product_tag-romanism","12":"first","13":"instock","14":"shipping-taxable","15":"purchasable","16":"product-type-simple"},"_links":{"self":[{"href":"https:\/\/editura-unibuc.ro\/en\/wp-json\/wp\/v2\/product\/14413","targetHints":{"allow":["GET"]}}],"collection":[{"href":"https:\/\/editura-unibuc.ro\/en\/wp-json\/wp\/v2\/product"}],"about":[{"href":"https:\/\/editura-unibuc.ro\/en\/wp-json\/wp\/v2\/types\/product"}],"replies":[{"embeddable":true,"href":"https:\/\/editura-unibuc.ro\/en\/wp-json\/wp\/v2\/comments?post=14413"}],"wp:featuredmedia":[{"embeddable":true,"href":"https:\/\/editura-unibuc.ro\/en\/wp-json\/wp\/v2\/media\/14414"}],"wp:attachment":[{"href":"https:\/\/editura-unibuc.ro\/en\/wp-json\/wp\/v2\/media?parent=14413"}],"wp:term":[{"taxonomy":"product_brand","embeddable":true,"href":"https:\/\/editura-unibuc.ro\/en\/wp-json\/wp\/v2\/product_brand?post=14413"},{"taxonomy":"product_cat","embeddable":true,"href":"https:\/\/editura-unibuc.ro\/en\/wp-json\/wp\/v2\/product_cat?post=14413"},{"taxonomy":"product_tag","embeddable":true,"href":"https:\/\/editura-unibuc.ro\/en\/wp-json\/wp\/v2\/product_tag?post=14413"}],"curies":[{"name":"wp","href":"https:\/\/api.w.org\/{rel}","templated":true}]}}