{"id":14415,"date":"2015-11-04T11:38:42","date_gmt":"2015-11-04T09:38:42","guid":{"rendered":"https:\/\/editura-unibuc.ro\/?post_type=product&#038;p=14415"},"modified":"2023-03-07T11:16:18","modified_gmt":"2023-03-07T09:16:18","slug":"studia-politica-romanian-political-science-review-vol-xv-no-2-2015","status":"publish","type":"product","link":"https:\/\/editura-unibuc.ro\/en\/studia-politica-romanian-political-science-review-vol-xv-no-2-2015\/","title":{"rendered":"STUDIA POLITICA. ROMANIAN POLITICAL SCIENCE REVIEW, VOL. XV, NO.2, 2015"},"content":{"rendered":"<p>Din sumar: Viviana Iacob, <em>Performance as Ideological Weapon. Transferring the New Man on Stage<\/em>; Francis Ars\u00e8ne Fogue Kuate, \u00c9<em>conomie politique de la presse \u00e9crite au Nord-Cameroun Postcolonial<\/em>; Camil-Alexandru P\u00e2rvu, <em>Extraterritorial Voting Rights from a Cosmopolitan Perspective.<\/em><\/p>\n","protected":false},"excerpt":{"rendered":"<p>Din sumar: Viviana Iacob, Performance as Ideological Weapon. Transferring the New Man on Stage; Francis Ars\u00e8ne Fogue Kuate, \u00c9conomie politique de la presse \u00e9crite au Nord-Cameroun Postcolonial; Camil-Alexandru P\u00e2rvu, Extraterritorial Voting Rights from a Cosmopolitan Perspective.<\/p>\n","protected":false},"featured_media":14416,"comment_status":"open","ping_status":"closed","template":"","meta":[],"product_brand":[],"product_cat":[3904,1469,1893,991,995],"product_tag":[1727,1728,930],"class_list":{"0":"post-14415","1":"product","2":"type-product","3":"status-publish","4":"has-post-thumbnail","6":"product_cat-studia-politica-reviste","7":"product_cat-periodice","8":"product_cat-reviste-academice","9":"product_cat-stiinte-sociale","10":"product_cat-istorie-stiinte-politice","11":"product_tag-algeria","12":"product_tag-republicanism","13":"product_tag-romania","15":"first","16":"outofstock","17":"shipping-taxable","18":"purchasable","19":"product-type-simple"},"_links":{"self":[{"href":"https:\/\/editura-unibuc.ro\/en\/wp-json\/wp\/v2\/product\/14415","targetHints":{"allow":["GET"]}}],"collection":[{"href":"https:\/\/editura-unibuc.ro\/en\/wp-json\/wp\/v2\/product"}],"about":[{"href":"https:\/\/editura-unibuc.ro\/en\/wp-json\/wp\/v2\/types\/product"}],"replies":[{"embeddable":true,"href":"https:\/\/editura-unibuc.ro\/en\/wp-json\/wp\/v2\/comments?post=14415"}],"wp:featuredmedia":[{"embeddable":true,"href":"https:\/\/editura-unibuc.ro\/en\/wp-json\/wp\/v2\/media\/14416"}],"wp:attachment":[{"href":"https:\/\/editura-unibuc.ro\/en\/wp-json\/wp\/v2\/media?parent=14415"}],"wp:term":[{"taxonomy":"product_brand","embeddable":true,"href":"https:\/\/editura-unibuc.ro\/en\/wp-json\/wp\/v2\/product_brand?post=14415"},{"taxonomy":"product_cat","embeddable":true,"href":"https:\/\/editura-unibuc.ro\/en\/wp-json\/wp\/v2\/product_cat?post=14415"},{"taxonomy":"product_tag","embeddable":true,"href":"https:\/\/editura-unibuc.ro\/en\/wp-json\/wp\/v2\/product_tag?post=14415"}],"curies":[{"name":"wp","href":"https:\/\/api.w.org\/{rel}","templated":true}]}}