{"id":14417,"date":"2015-11-04T11:40:12","date_gmt":"2015-11-04T09:40:12","guid":{"rendered":"https:\/\/editura-unibuc.ro\/?post_type=product&#038;p=14417"},"modified":"2025-03-13T12:30:32","modified_gmt":"2025-03-13T10:30:32","slug":"romanoslavica-vol-li-nr-3","status":"publish","type":"product","link":"https:\/\/editura-unibuc.ro\/en\/romanoslavica-vol-li-nr-3\/","title":{"rendered":"ROMANOSLAVICA, VOL. LI, NR. 3"},"content":{"rendered":"<p>Din sumar: Marina Ilie, <em>Senzorialitatea ca impuls primar al cuget\u0103rii poetice la Iosif Brodski<\/em>; Maria Ho\u015fciuc, <em>Vladimir Sorokin \u015fi conceptualismul<\/em>; Ancu\u0163a-Iulia Hurjui, <em>Rela\u0163iile dintre Rusia \u015fi Ucraina \u00een teren \u015fi \u00een romanele lui Andrei Kurkov<\/em>.<\/p>\n","protected":false},"excerpt":{"rendered":"<p>Din sumar: Marina Ilie, Senzorialitatea ca impuls primar al cuget\u0103rii poetice la Iosif Brodski; Maria Ho\u015fciuc, Vladimir Sorokin \u015fi conceptualismul; Ancu\u0163a-Iulia Hurjui, Rela\u0163iile dintre Rusia \u015fi Ucraina \u00een teren \u015fi \u00een romanele lui Andrei Kurkov.<\/p>\n","protected":false},"featured_media":14418,"comment_status":"open","ping_status":"closed","template":"","meta":[],"product_brand":[],"product_cat":[3823,1464,981,1469],"product_tag":[1604,1729,1730],"class_list":{"0":"post-14417","1":"product","2":"type-product","3":"status-publish","4":"has-post-thumbnail","6":"product_cat-stiinte-umane","7":"product_cat-filologie","8":"product_cat-limbi-slave","9":"product_cat-periodice","10":"product_tag-identitate-nationala","11":"product_tag-rusia","12":"product_tag-ucraina","14":"first","15":"instock","16":"shipping-taxable","17":"purchasable","18":"product-type-simple"},"_links":{"self":[{"href":"https:\/\/editura-unibuc.ro\/en\/wp-json\/wp\/v2\/product\/14417","targetHints":{"allow":["GET"]}}],"collection":[{"href":"https:\/\/editura-unibuc.ro\/en\/wp-json\/wp\/v2\/product"}],"about":[{"href":"https:\/\/editura-unibuc.ro\/en\/wp-json\/wp\/v2\/types\/product"}],"replies":[{"embeddable":true,"href":"https:\/\/editura-unibuc.ro\/en\/wp-json\/wp\/v2\/comments?post=14417"}],"wp:featuredmedia":[{"embeddable":true,"href":"https:\/\/editura-unibuc.ro\/en\/wp-json\/wp\/v2\/media\/14418"}],"wp:attachment":[{"href":"https:\/\/editura-unibuc.ro\/en\/wp-json\/wp\/v2\/media?parent=14417"}],"wp:term":[{"taxonomy":"product_brand","embeddable":true,"href":"https:\/\/editura-unibuc.ro\/en\/wp-json\/wp\/v2\/product_brand?post=14417"},{"taxonomy":"product_cat","embeddable":true,"href":"https:\/\/editura-unibuc.ro\/en\/wp-json\/wp\/v2\/product_cat?post=14417"},{"taxonomy":"product_tag","embeddable":true,"href":"https:\/\/editura-unibuc.ro\/en\/wp-json\/wp\/v2\/product_tag?post=14417"}],"curies":[{"name":"wp","href":"https:\/\/api.w.org\/{rel}","templated":true}]}}