{"id":14419,"date":"2015-11-04T11:42:06","date_gmt":"2015-11-04T09:42:06","guid":{"rendered":"https:\/\/editura-unibuc.ro\/?post_type=product&#038;p=14419"},"modified":"2023-12-14T12:31:11","modified_gmt":"2023-12-14T10:31:11","slug":"manual-de-limba-hindi-vol-i-reeditare","status":"publish","type":"product","link":"https:\/\/editura-unibuc.ro\/en\/manual-de-limba-hindi-vol-i-reeditare\/","title":{"rendered":"MANUAL DE LIMBA HINDI. VOL I. REEDITARE"},"content":{"rendered":"<p>Acest volum constituie prima parte a <em>Manualului de limba Hindi<\/em> destinat studen\u0163ilor care \u00eenva\u0163\u0103 hindi \u00een Rom\u00e2nia. Bazat\u0103 pe principii lingvistice \u015fi pedagogice, cartea are ca prim scop folosirea ei \u00een clas\u0103 sub \u00eendrumarea profesorului.<\/p>\n","protected":false},"excerpt":{"rendered":"<p>Acest volum constituie prima parte a Manualului de limba Hindi destinat studen\u0163ilor care \u00eenva\u0163\u0103 hindi \u00een Rom\u00e2nia. Bazat\u0103 pe principii lingvistice \u015fi pedagogice, cartea are ca prim scop folosirea ei \u00een clas\u0103 sub \u00eendrumarea profesorului.<\/p>\n","protected":false},"featured_media":14420,"comment_status":"open","ping_status":"closed","template":"","meta":[],"product_brand":[],"product_cat":[1464,980],"product_tag":[1731,1732],"class_list":{"0":"post-14419","1":"product","2":"type-product","3":"status-publish","4":"has-post-thumbnail","6":"product_cat-filologie","7":"product_cat-limbi-romanice-clasice-si-orientale","8":"product_tag-gramatica-hindi","9":"product_tag-lexic-hindi","11":"first","12":"outofstock","13":"shipping-taxable","14":"purchasable","15":"product-type-simple"},"_links":{"self":[{"href":"https:\/\/editura-unibuc.ro\/en\/wp-json\/wp\/v2\/product\/14419","targetHints":{"allow":["GET"]}}],"collection":[{"href":"https:\/\/editura-unibuc.ro\/en\/wp-json\/wp\/v2\/product"}],"about":[{"href":"https:\/\/editura-unibuc.ro\/en\/wp-json\/wp\/v2\/types\/product"}],"replies":[{"embeddable":true,"href":"https:\/\/editura-unibuc.ro\/en\/wp-json\/wp\/v2\/comments?post=14419"}],"wp:featuredmedia":[{"embeddable":true,"href":"https:\/\/editura-unibuc.ro\/en\/wp-json\/wp\/v2\/media\/14420"}],"wp:attachment":[{"href":"https:\/\/editura-unibuc.ro\/en\/wp-json\/wp\/v2\/media?parent=14419"}],"wp:term":[{"taxonomy":"product_brand","embeddable":true,"href":"https:\/\/editura-unibuc.ro\/en\/wp-json\/wp\/v2\/product_brand?post=14419"},{"taxonomy":"product_cat","embeddable":true,"href":"https:\/\/editura-unibuc.ro\/en\/wp-json\/wp\/v2\/product_cat?post=14419"},{"taxonomy":"product_tag","embeddable":true,"href":"https:\/\/editura-unibuc.ro\/en\/wp-json\/wp\/v2\/product_tag?post=14419"}],"curies":[{"name":"wp","href":"https:\/\/api.w.org\/{rel}","templated":true}]}}