{"id":14423,"date":"2015-11-04T11:45:39","date_gmt":"2015-11-04T09:45:39","guid":{"rendered":"https:\/\/editura-unibuc.ro\/?post_type=product&#038;p=14423"},"modified":"2019-11-18T13:46:54","modified_gmt":"2019-11-18T11:46:54","slug":"cronica-lui-constantin-manasses-partea-i-letopisetul-preainteleptului-manasses-cuprinzand-anii-de-la-facerea-lumii-si-ajungand-pana-la-domnia-lui-chir-nichifor-botaniates-partea-ii","status":"publish","type":"product","link":"https:\/\/editura-unibuc.ro\/en\/cronica-lui-constantin-manasses-partea-i-letopisetul-preainteleptului-manasses-cuprinzand-anii-de-la-facerea-lumii-si-ajungand-pana-la-domnia-lui-chir-nichifor-botaniates-partea-ii\/","title":{"rendered":"CRONICA LUI CONSTANTIN MANASSES. PARTEA I \u2013 LETOPISE\u0162UL PREA\u00ceN\u0162ELEPTULUI MANASSES CUPRINZ\u00c2ND ANII DE LA FACEREA LUMII \u015eI AJUNG\u00c2ND P\u00c2N\u0102 LA DOMNIA LUI CHIR NICHIFOR BOTANIATES. PARTEA II \u2013 VERSIUNEA \u00ceN SLAVONA MEDIOBULGAR\u0102"},"content":{"rendered":"<p>\u201eCronica aceasta este important\u0103 \u015fi prin faptul c\u0103 \u00een epoca medieval\u0103, Principatele Rom\u00e2ne au apar\u0163inut teritoriului cultural greco-slav, Pax Bizantina, iar via\u0163a cultural\u0103 a str\u0103bunilor rom\u00e2nilor s-a aflat sub influen\u0163a proceselor culturale din Europa de Sud-Est.\u201d Lect. Univ. dr. Grigor Grigorov<\/p>\n","protected":false},"excerpt":{"rendered":"<p>\u201eCronica aceasta este important\u0103 \u015fi prin faptul c\u0103 \u00een epoca medieval\u0103, Principatele Rom\u00e2ne au apar\u0163inut teritoriului cultural greco-slav, Pax Bizantina, iar via\u0163a cultural\u0103 a str\u0103bunilor rom\u00e2nilor s-a aflat sub influen\u0163a proceselor culturale din Europa de Sud-Est.\u201d Lect. Univ. dr. Grigor Grigorov<\/p>\n","protected":false},"featured_media":14424,"comment_status":"open","ping_status":"closed","template":"","meta":[],"product_brand":[],"product_cat":[991,995],"product_tag":[1734,1733],"class_list":{"0":"post-14423","1":"product","2":"type-product","3":"status-publish","4":"has-post-thumbnail","6":"product_cat-stiinte-sociale","7":"product_cat-istorie-stiinte-politice","8":"product_tag-imperiul-bizantin","9":"product_tag-nichifor-botaniates","11":"first","12":"outofstock","13":"shipping-taxable","14":"purchasable","15":"product-type-simple"},"_links":{"self":[{"href":"https:\/\/editura-unibuc.ro\/en\/wp-json\/wp\/v2\/product\/14423","targetHints":{"allow":["GET"]}}],"collection":[{"href":"https:\/\/editura-unibuc.ro\/en\/wp-json\/wp\/v2\/product"}],"about":[{"href":"https:\/\/editura-unibuc.ro\/en\/wp-json\/wp\/v2\/types\/product"}],"replies":[{"embeddable":true,"href":"https:\/\/editura-unibuc.ro\/en\/wp-json\/wp\/v2\/comments?post=14423"}],"wp:featuredmedia":[{"embeddable":true,"href":"https:\/\/editura-unibuc.ro\/en\/wp-json\/wp\/v2\/media\/14424"}],"wp:attachment":[{"href":"https:\/\/editura-unibuc.ro\/en\/wp-json\/wp\/v2\/media?parent=14423"}],"wp:term":[{"taxonomy":"product_brand","embeddable":true,"href":"https:\/\/editura-unibuc.ro\/en\/wp-json\/wp\/v2\/product_brand?post=14423"},{"taxonomy":"product_cat","embeddable":true,"href":"https:\/\/editura-unibuc.ro\/en\/wp-json\/wp\/v2\/product_cat?post=14423"},{"taxonomy":"product_tag","embeddable":true,"href":"https:\/\/editura-unibuc.ro\/en\/wp-json\/wp\/v2\/product_tag?post=14423"}],"curies":[{"name":"wp","href":"https:\/\/api.w.org\/{rel}","templated":true}]}}