{"id":14425,"date":"2015-11-04T11:47:19","date_gmt":"2015-11-04T09:47:19","guid":{"rendered":"https:\/\/editura-unibuc.ro\/?post_type=product&#038;p=14425"},"modified":"2022-10-19T13:25:37","modified_gmt":"2022-10-19T10:25:37","slug":"management","status":"publish","type":"product","link":"https:\/\/editura-unibuc.ro\/en\/management\/","title":{"rendered":"MANAGEMENT"},"content":{"rendered":"<p>Cartea se adreseaz\u0103 at\u00e2t studen\u0163ilor \u015fi profesorilor, c\u00e2t \u015fi oamenilor din mediul de afaceri. \u00cen viitor la aceast\u0103 prim\u0103 lucrare vom ad\u0103uga culegeri de studii de caz care s\u0103-i edifice pe cei care vor s\u0103 se ini\u0163ieze \u00een domeniul managementului \u00een leg\u0103tur\u0103 cu experien\u0163ele pe care \u015fi le-au asumat genera\u0163iile trecute.<\/p>\n","protected":false},"excerpt":{"rendered":"<p>Cartea se adreseaz\u0103 at\u00e2t studen\u0163ilor \u015fi profesorilor, c\u00e2t \u015fi oamenilor din mediul de afaceri. \u00cen viitor la aceast\u0103 prim\u0103 lucrare vom ad\u0103uga culegeri de studii de caz care s\u0103-i edifice pe cei care vor s\u0103 se ini\u0163ieze \u00een domeniul managementului \u00een leg\u0103tur\u0103 cu experien\u0163ele pe care \u015fi le-au asumat genera\u0163iile trecute.<\/p>\n","protected":false},"featured_media":14426,"comment_status":"open","ping_status":"closed","template":"","meta":[],"product_brand":[],"product_cat":[991,992],"product_tag":[920,1319,1735],"class_list":{"0":"post-14425","1":"product","2":"type-product","3":"status-publish","4":"has-post-thumbnail","6":"product_cat-stiinte-sociale","7":"product_cat-administratie-si-afaceri","8":"product_tag-cultura","9":"product_tag-management","10":"product_tag-mediu-organizational","12":"first","13":"outofstock","14":"shipping-taxable","15":"purchasable","16":"product-type-simple"},"_links":{"self":[{"href":"https:\/\/editura-unibuc.ro\/en\/wp-json\/wp\/v2\/product\/14425","targetHints":{"allow":["GET"]}}],"collection":[{"href":"https:\/\/editura-unibuc.ro\/en\/wp-json\/wp\/v2\/product"}],"about":[{"href":"https:\/\/editura-unibuc.ro\/en\/wp-json\/wp\/v2\/types\/product"}],"replies":[{"embeddable":true,"href":"https:\/\/editura-unibuc.ro\/en\/wp-json\/wp\/v2\/comments?post=14425"}],"wp:featuredmedia":[{"embeddable":true,"href":"https:\/\/editura-unibuc.ro\/en\/wp-json\/wp\/v2\/media\/14426"}],"wp:attachment":[{"href":"https:\/\/editura-unibuc.ro\/en\/wp-json\/wp\/v2\/media?parent=14425"}],"wp:term":[{"taxonomy":"product_brand","embeddable":true,"href":"https:\/\/editura-unibuc.ro\/en\/wp-json\/wp\/v2\/product_brand?post=14425"},{"taxonomy":"product_cat","embeddable":true,"href":"https:\/\/editura-unibuc.ro\/en\/wp-json\/wp\/v2\/product_cat?post=14425"},{"taxonomy":"product_tag","embeddable":true,"href":"https:\/\/editura-unibuc.ro\/en\/wp-json\/wp\/v2\/product_tag?post=14425"}],"curies":[{"name":"wp","href":"https:\/\/api.w.org\/{rel}","templated":true}]}}