{"id":14434,"date":"2015-11-04T11:54:38","date_gmt":"2015-11-04T09:54:38","guid":{"rendered":"https:\/\/editura-unibuc.ro\/?post_type=product&#038;p=14434"},"modified":"2023-11-27T10:12:16","modified_gmt":"2023-11-27T08:12:16","slug":"bulletin-mathematique-de-la-societe-des-sciences-mathematiques-de-roumanie-tome-58-106-no-3-2015","status":"publish","type":"product","link":"https:\/\/editura-unibuc.ro\/en\/bulletin-mathematique-de-la-societe-des-sciences-mathematiques-de-roumanie-tome-58-106-no-3-2015\/","title":{"rendered":"BULLETIN MATH\u00c9MATIQUE. DE LA SOCI\u00c9T\u00c9 DES SCIENCES MATH\u00c9MATIQUES DE ROUMANIE. TOME 58 (106), NO. 3, 2015"},"content":{"rendered":"<p>Din sumar: Toma Albu, <em>Cogalois Theory: an outline<\/em>; Alexandru Buium, <em>Transcendental numbers assolutions to arithmetic differential equations<\/em>, Otto Liess, <em>Growth at the boundary.<\/em><\/p>\n","protected":false},"excerpt":{"rendered":"<p>Din sumar: Toma Albu, Cogalois Theory: an outline; Alexandru Buium, Transcendental numbers assolutions to arithmetic differential equations, Otto Liess, Growth at the boundary.<\/p>\n","protected":false},"featured_media":14435,"comment_status":"open","ping_status":"closed","template":"","meta":[],"product_brand":[],"product_cat":[3939,982,986],"product_tag":[1744,1743],"class_list":{"0":"post-14434","1":"product","2":"type-product","3":"status-publish","4":"has-post-thumbnail","6":"product_cat-bulletin-mathematique","7":"product_cat-stiinte-exacte","8":"product_cat-matematica","9":"product_tag-aritmetica","10":"product_tag-calcule-diferentiale","12":"first","13":"outofstock","14":"shipping-taxable","15":"purchasable","16":"product-type-simple"},"_links":{"self":[{"href":"https:\/\/editura-unibuc.ro\/en\/wp-json\/wp\/v2\/product\/14434","targetHints":{"allow":["GET"]}}],"collection":[{"href":"https:\/\/editura-unibuc.ro\/en\/wp-json\/wp\/v2\/product"}],"about":[{"href":"https:\/\/editura-unibuc.ro\/en\/wp-json\/wp\/v2\/types\/product"}],"replies":[{"embeddable":true,"href":"https:\/\/editura-unibuc.ro\/en\/wp-json\/wp\/v2\/comments?post=14434"}],"wp:featuredmedia":[{"embeddable":true,"href":"https:\/\/editura-unibuc.ro\/en\/wp-json\/wp\/v2\/media\/14435"}],"wp:attachment":[{"href":"https:\/\/editura-unibuc.ro\/en\/wp-json\/wp\/v2\/media?parent=14434"}],"wp:term":[{"taxonomy":"product_brand","embeddable":true,"href":"https:\/\/editura-unibuc.ro\/en\/wp-json\/wp\/v2\/product_brand?post=14434"},{"taxonomy":"product_cat","embeddable":true,"href":"https:\/\/editura-unibuc.ro\/en\/wp-json\/wp\/v2\/product_cat?post=14434"},{"taxonomy":"product_tag","embeddable":true,"href":"https:\/\/editura-unibuc.ro\/en\/wp-json\/wp\/v2\/product_tag?post=14434"}],"curies":[{"name":"wp","href":"https:\/\/api.w.org\/{rel}","templated":true}]}}