{"id":14436,"date":"2015-11-04T11:56:19","date_gmt":"2015-11-04T09:56:19","guid":{"rendered":"https:\/\/editura-unibuc.ro\/?post_type=product&#038;p=14436"},"modified":"2019-11-18T13:28:55","modified_gmt":"2019-11-18T11:28:55","slug":"elements-of-english-lexicology-theories-and-approaches","status":"publish","type":"product","link":"https:\/\/editura-unibuc.ro\/en\/elements-of-english-lexicology-theories-and-approaches\/","title":{"rendered":"ELEMENTS OF ENGLISH LEXICOLOGY THEORIES AND APPROACHES"},"content":{"rendered":"<p>\u201eLucrarea de fa\u0163\u0103 este o contribu\u0163ie binevenit\u0103 la explorarea abord\u0103rilor contemporane din domeniul lingvisticii diacronice, domeniu \u00een care s-a publicat extrem de pu\u0163in \u00een mediul academic din universit\u0103\u0163ile rom\u00e2ne\u015fti.\u201d Conf. dr. Daniela Soare<\/p>\n","protected":false},"excerpt":{"rendered":"<p>\u201eLucrarea de fa\u0163\u0103 este o contribu\u0163ie binevenit\u0103 la explorarea abord\u0103rilor contemporane din domeniul lingvisticii diacronice, domeniu \u00een care s-a publicat extrem de pu\u0163in \u00een mediul academic din universit\u0103\u0163ile rom\u00e2ne\u015fti.\u201d Conf. dr. Daniela Soare<\/p>\n","protected":false},"featured_media":14437,"comment_status":"open","ping_status":"closed","template":"","meta":[],"product_brand":[],"product_cat":[1464,976],"product_tag":[1746,1625,1745],"class_list":{"0":"post-14436","1":"product","2":"type-product","3":"status-publish","4":"has-post-thumbnail","6":"product_cat-filologie","7":"product_cat-limba-engleza","8":"product_tag-euphemism","9":"product_tag-lexicalization","10":"product_tag-saemantic-change","12":"first","13":"instock","14":"shipping-taxable","15":"purchasable","16":"product-type-simple"},"_links":{"self":[{"href":"https:\/\/editura-unibuc.ro\/en\/wp-json\/wp\/v2\/product\/14436","targetHints":{"allow":["GET"]}}],"collection":[{"href":"https:\/\/editura-unibuc.ro\/en\/wp-json\/wp\/v2\/product"}],"about":[{"href":"https:\/\/editura-unibuc.ro\/en\/wp-json\/wp\/v2\/types\/product"}],"replies":[{"embeddable":true,"href":"https:\/\/editura-unibuc.ro\/en\/wp-json\/wp\/v2\/comments?post=14436"}],"wp:featuredmedia":[{"embeddable":true,"href":"https:\/\/editura-unibuc.ro\/en\/wp-json\/wp\/v2\/media\/14437"}],"wp:attachment":[{"href":"https:\/\/editura-unibuc.ro\/en\/wp-json\/wp\/v2\/media?parent=14436"}],"wp:term":[{"taxonomy":"product_brand","embeddable":true,"href":"https:\/\/editura-unibuc.ro\/en\/wp-json\/wp\/v2\/product_brand?post=14436"},{"taxonomy":"product_cat","embeddable":true,"href":"https:\/\/editura-unibuc.ro\/en\/wp-json\/wp\/v2\/product_cat?post=14436"},{"taxonomy":"product_tag","embeddable":true,"href":"https:\/\/editura-unibuc.ro\/en\/wp-json\/wp\/v2\/product_tag?post=14436"}],"curies":[{"name":"wp","href":"https:\/\/api.w.org\/{rel}","templated":true}]}}