{"id":14462,"date":"2015-11-06T11:36:11","date_gmt":"2015-11-06T09:36:11","guid":{"rendered":"https:\/\/editura-unibuc.ro\/?post_type=product&#038;p=14462"},"modified":"2025-08-08T12:31:11","modified_gmt":"2025-08-08T09:31:11","slug":"paratopie-si-arta-narativa-in-romanele-lui-ilf-si-petrov","status":"publish","type":"product","link":"https:\/\/editura-unibuc.ro\/en\/paratopie-si-arta-narativa-in-romanele-lui-ilf-si-petrov\/","title":{"rendered":"PARATOPIE \u015eI ART\u0102 NARATIV\u0102 \u00ceN ROMANELE LUI ILF \u015eI PETROV"},"content":{"rendered":"<p>Ne-am propus \u00een demersul nostru s\u0103 aducem \u00een aten\u0163ia receptorului rom\u00e2n imaginea complex\u0103 a romanelor semnate de Ilf \u015fi Petrov din dorin\u0163a de a scoate textul lor din predestinarea lecturii naive \u00eencurajate \u00een cultura rom\u00e2n\u0103 p\u00e2n\u0103 acum \u015fi de a eviden\u0163ia esen\u0163ele narative, paratopice \u015fi originale ale unei lumi rezervat\u0103 \u00eenve\u015fnicirii.<\/p>\n","protected":false},"excerpt":{"rendered":"<p>Ne-am propus \u00een demersul nostru s\u0103 aducem \u00een aten\u0163ia receptorului rom\u00e2n imaginea complex\u0103 a romanelor semnate de Ilf \u015fi Petrov din dorin\u0163a de a scoate textul lor din predestinarea lecturii naive \u00eencurajate \u00een cultura rom\u00e2n\u0103 p\u00e2n\u0103 acum \u015fi de a eviden\u0163ia esen\u0163ele narative, paratopice \u015fi originale ale unei lumi rezervat\u0103 \u00eenve\u015fnicirii.<\/p>\n","protected":false},"featured_media":14463,"comment_status":"open","ping_status":"closed","template":"","meta":[],"product_brand":[],"product_cat":[1531,1471,1464,981],"product_tag":[1762,1760,1761],"class_list":{"0":"post-14462","1":"product","2":"type-product","3":"status-publish","4":"has-post-thumbnail","6":"product_cat-colectii","7":"product_cat-colectia-teze-de-doctorat","8":"product_cat-filologie","9":"product_cat-limbi-slave","10":"product_tag-comic","11":"product_tag-literatura-rusa","12":"product_tag-umor","14":"first","15":"instock","16":"shipping-taxable","17":"purchasable","18":"product-type-simple"},"_links":{"self":[{"href":"https:\/\/editura-unibuc.ro\/en\/wp-json\/wp\/v2\/product\/14462","targetHints":{"allow":["GET"]}}],"collection":[{"href":"https:\/\/editura-unibuc.ro\/en\/wp-json\/wp\/v2\/product"}],"about":[{"href":"https:\/\/editura-unibuc.ro\/en\/wp-json\/wp\/v2\/types\/product"}],"replies":[{"embeddable":true,"href":"https:\/\/editura-unibuc.ro\/en\/wp-json\/wp\/v2\/comments?post=14462"}],"wp:featuredmedia":[{"embeddable":true,"href":"https:\/\/editura-unibuc.ro\/en\/wp-json\/wp\/v2\/media\/14463"}],"wp:attachment":[{"href":"https:\/\/editura-unibuc.ro\/en\/wp-json\/wp\/v2\/media?parent=14462"}],"wp:term":[{"taxonomy":"product_brand","embeddable":true,"href":"https:\/\/editura-unibuc.ro\/en\/wp-json\/wp\/v2\/product_brand?post=14462"},{"taxonomy":"product_cat","embeddable":true,"href":"https:\/\/editura-unibuc.ro\/en\/wp-json\/wp\/v2\/product_cat?post=14462"},{"taxonomy":"product_tag","embeddable":true,"href":"https:\/\/editura-unibuc.ro\/en\/wp-json\/wp\/v2\/product_tag?post=14462"}],"curies":[{"name":"wp","href":"https:\/\/api.w.org\/{rel}","templated":true}]}}