{"id":14464,"date":"2015-11-06T11:37:51","date_gmt":"2015-11-06T09:37:51","guid":{"rendered":"https:\/\/editura-unibuc.ro\/?post_type=product&#038;p=14464"},"modified":"2023-10-09T10:11:55","modified_gmt":"2023-10-09T07:11:55","slug":"lumea-orasuluicercetari-de-istorie-urbana-editia-a-ii-a-revizuita-si-adaugita","status":"publish","type":"product","link":"https:\/\/editura-unibuc.ro\/en\/lumea-orasuluicercetari-de-istorie-urbana-editia-a-ii-a-revizuita-si-adaugita\/","title":{"rendered":"LUMEA ORA\u015eULUI:CERCET\u0102RI DE ISTORIE URBAN\u0102. EDI\u0162IA A II-A REVIZUIT\u0102 \u015eI AD\u0102UGIT\u0102"},"content":{"rendered":"<p>Volumul de fa\u0163\u0103 care aduce laolalt\u0103 cercet\u0103tori specializa\u0163i \u00een istorie urban\u0103 \u015fi cercet\u0103tori din alte domenii, dar ale c\u0103ror preocup\u0103ri se intersecteaz\u0103 cu lumea ora\u015felor, \u00ee\u015fi propune tocmai s\u0103 dep\u0103\u015feasc\u0103 acest blocaj. Volumul dovede\u015fte c\u0103 istoria urban\u0103 nu este un domeniu \u00eenchis, accesibil numai speciali\u015ftilor.<\/p>\n","protected":false},"excerpt":{"rendered":"<p>Volumul de fa\u0163\u0103 care aduce laolalt\u0103 cercet\u0103tori specializa\u0163i \u00een istorie urban\u0103 \u015fi cercet\u0103tori din alte domenii, dar ale c\u0103ror preocup\u0103ri se intersecteaz\u0103 cu lumea ora\u015felor, \u00ee\u015fi propune tocmai s\u0103 dep\u0103\u015feasc\u0103 acest blocaj. Volumul dovede\u015fte c\u0103 istoria urban\u0103 nu este un domeniu \u00eenchis, accesibil numai speciali\u015ftilor.<\/p>\n","protected":false},"featured_media":14465,"comment_status":"open","ping_status":"closed","template":"","meta":[],"product_brand":[],"product_cat":[991,995],"product_tag":[1763,1764,1765],"class_list":{"0":"post-14464","1":"product","2":"type-product","3":"status-publish","4":"has-post-thumbnail","6":"product_cat-stiinte-sociale","7":"product_cat-istorie-stiinte-politice","8":"product_tag-formarea-oraselor-in-tara-romaneasca","9":"product_tag-iluminatul-public","10":"product_tag-urbanism","12":"first","13":"outofstock","14":"shipping-taxable","15":"purchasable","16":"product-type-simple"},"_links":{"self":[{"href":"https:\/\/editura-unibuc.ro\/en\/wp-json\/wp\/v2\/product\/14464","targetHints":{"allow":["GET"]}}],"collection":[{"href":"https:\/\/editura-unibuc.ro\/en\/wp-json\/wp\/v2\/product"}],"about":[{"href":"https:\/\/editura-unibuc.ro\/en\/wp-json\/wp\/v2\/types\/product"}],"replies":[{"embeddable":true,"href":"https:\/\/editura-unibuc.ro\/en\/wp-json\/wp\/v2\/comments?post=14464"}],"wp:featuredmedia":[{"embeddable":true,"href":"https:\/\/editura-unibuc.ro\/en\/wp-json\/wp\/v2\/media\/14465"}],"wp:attachment":[{"href":"https:\/\/editura-unibuc.ro\/en\/wp-json\/wp\/v2\/media?parent=14464"}],"wp:term":[{"taxonomy":"product_brand","embeddable":true,"href":"https:\/\/editura-unibuc.ro\/en\/wp-json\/wp\/v2\/product_brand?post=14464"},{"taxonomy":"product_cat","embeddable":true,"href":"https:\/\/editura-unibuc.ro\/en\/wp-json\/wp\/v2\/product_cat?post=14464"},{"taxonomy":"product_tag","embeddable":true,"href":"https:\/\/editura-unibuc.ro\/en\/wp-json\/wp\/v2\/product_tag?post=14464"}],"curies":[{"name":"wp","href":"https:\/\/api.w.org\/{rel}","templated":true}]}}