{"id":14466,"date":"2015-11-06T11:39:35","date_gmt":"2015-11-06T09:39:35","guid":{"rendered":"https:\/\/editura-unibuc.ro\/?post_type=product&#038;p=14466"},"modified":"2024-04-10T10:28:58","modified_gmt":"2024-04-10T07:28:58","slug":"adolescentul-politic-reprezentari-atitudini-si-valori-in-comunicarea-politica-la-adolescenti","status":"publish","type":"product","link":"https:\/\/editura-unibuc.ro\/en\/adolescentul-politic-reprezentari-atitudini-si-valori-in-comunicarea-politica-la-adolescenti\/","title":{"rendered":"ADOLESCENTUL POLITIC: REPREZENT\u0102RI, ATITUDINI \u015eI VALORI \u00ceN COMUNICAREA POLITIC\u0102 LA ADOLESCEN\u0162I"},"content":{"rendered":"<p>Subiect nelipsit al tuturor campaniilor electorale, atunci c\u00e2nd se vorbe\u015fte despre oportunit\u0103\u0163i privind educa\u0163ia, accesul pe pia\u0163a muncii ori sprijinul \u00een \u00eentemeierea unei familii \u015fi achizi\u0163ionarea unei locuin\u0163e, nu este de mirare c\u0103 adolescentul rom\u00e2n cultiv\u0103 o deta\u015fare autistic\u0103 sui generis fa\u0163\u0103 de problemele curente ale societ\u0103\u0163ii \u00een care tr\u0103ie\u015fte.<\/p>\n","protected":false},"excerpt":{"rendered":"<p>Subiect nelipsit al tuturor campaniilor electorale, atunci c\u00e2nd se vorbe\u015fte despre oportunit\u0103\u0163i privind educa\u0163ia, accesul pe pia\u0163a muncii ori sprijinul \u00een \u00eentemeierea unei familii \u015fi achizi\u0163ionarea unei locuin\u0163e, nu este de mirare c\u0103 adolescentul rom\u00e2n cultiv\u0103 o deta\u015fare autistic\u0103 sui generis fa\u0163\u0103 de problemele curente ale societ\u0103\u0163ii \u00een care tr\u0103ie\u015fte.<\/p>\n","protected":false},"featured_media":14467,"comment_status":"open","ping_status":"closed","template":"","meta":[],"product_brand":[],"product_cat":[991,997],"product_tag":[1766,1768,1767],"class_list":{"0":"post-14466","1":"product","2":"type-product","3":"status-publish","4":"has-post-thumbnail","6":"product_cat-stiinte-sociale","7":"product_cat-psihologie-stiintele-educatiei-si-pedagogie","8":"product_tag-adolescenti","9":"product_tag-corectitudine-politica","10":"product_tag-generatia-facebook","12":"first","13":"instock","14":"shipping-taxable","15":"purchasable","16":"product-type-simple"},"_links":{"self":[{"href":"https:\/\/editura-unibuc.ro\/en\/wp-json\/wp\/v2\/product\/14466","targetHints":{"allow":["GET"]}}],"collection":[{"href":"https:\/\/editura-unibuc.ro\/en\/wp-json\/wp\/v2\/product"}],"about":[{"href":"https:\/\/editura-unibuc.ro\/en\/wp-json\/wp\/v2\/types\/product"}],"replies":[{"embeddable":true,"href":"https:\/\/editura-unibuc.ro\/en\/wp-json\/wp\/v2\/comments?post=14466"}],"wp:featuredmedia":[{"embeddable":true,"href":"https:\/\/editura-unibuc.ro\/en\/wp-json\/wp\/v2\/media\/14467"}],"wp:attachment":[{"href":"https:\/\/editura-unibuc.ro\/en\/wp-json\/wp\/v2\/media?parent=14466"}],"wp:term":[{"taxonomy":"product_brand","embeddable":true,"href":"https:\/\/editura-unibuc.ro\/en\/wp-json\/wp\/v2\/product_brand?post=14466"},{"taxonomy":"product_cat","embeddable":true,"href":"https:\/\/editura-unibuc.ro\/en\/wp-json\/wp\/v2\/product_cat?post=14466"},{"taxonomy":"product_tag","embeddable":true,"href":"https:\/\/editura-unibuc.ro\/en\/wp-json\/wp\/v2\/product_tag?post=14466"}],"curies":[{"name":"wp","href":"https:\/\/api.w.org\/{rel}","templated":true}]}}