{"id":14513,"date":"2015-11-18T15:21:10","date_gmt":"2015-11-18T13:21:10","guid":{"rendered":"https:\/\/editura-unibuc.ro\/?post_type=product&#038;p=14513"},"modified":"2019-07-22T11:47:42","modified_gmt":"2019-07-22T08:47:42","slug":"limba-romana-ca-limba-straina-dosare-pedagogice","status":"publish","type":"product","link":"https:\/\/editura-unibuc.ro\/en\/limba-romana-ca-limba-straina-dosare-pedagogice\/","title":{"rendered":"(Rom\u00e2n\u0103) LIMBA ROM\u00c2N\u0102 CA LIMB\u0102 STR\u0102IN\u0102. DOSARE PEDAGOGICE"},"content":{"rendered":"<p class=\"qtranxs-available-languages-message qtranxs-available-languages-message-en\">Sorry, this entry is only available in <a href=\"https:\/\/editura-unibuc.ro\/ro\/wp-json\/wp\/v2\/product\/14513\" class=\"qtranxs-available-language-link qtranxs-available-language-link-ro\" title=\"Rom\u00e2n\u0103\">Rom\u00e2n\u0103<\/a>. For the sake of viewer convenience, the content is shown below in the alternative language. You may click the link to switch the active language.<\/p><p>Andra VASILESCU (coordonator)<br \/>\nFormat A4, 318 pag., ISBN 973-737-136-4<br \/>\nDosarele pedagogice au fost concepute ca resurs\u0103 de \u00eenv\u0103\u0163are, permi\u0163\u00e2nd studiul personalizat, \u00een func\u0163ie de nivelul de \u00eenv\u0103\u0163are al studentului \u015fi de ritmul propriu de acumulare a cuno\u015ftin\u0163elor. Inten\u0163ia a fost de a oferi profesorilor care predau\/cursan\u0163ilor care \u00eenva\u0163\u0103 limba rom\u00e2n\u0103 ca limb\u0103 str\u0103in\u0103 materiale utile pentru un demers didactic modern, conversa\u0163ional-pragmatic \u00een perspectiv\u0103 inter-\/transcultural\u0103, racordat la politicile lingvistice europene.<br \/>\nCartea grupeaz\u0103 un set de dialoguri, fi\u015fe-sintez\u0103 de gramatic\u0103, o culegere de texte jurnalistice \u015fi teste pentru (auto)evalu\u0103ri formative \u015fi sumative.<br \/>\n<\/p>","protected":false},"excerpt":{"rendered":"<p>Sorry, this entry is only available in Rom\u00e2n\u0103. For the sake of viewer convenience, the content is shown below in the alternative language. You may click the link to switch the active language.Andra VASILESCU (coordonator) Format A4, 318 pag., ISBN 973-737-136-4 Dosarele pedagogice au fost concepute ca resurs\u0103 de \u00eenv\u0103\u0163are, permi\u0163\u00e2nd studiul personalizat, \u00een func\u0163ie [&hellip;]<\/p>\n","protected":false},"featured_media":18692,"comment_status":"open","ping_status":"closed","template":"","meta":[],"product_brand":[],"product_cat":[1464,979],"product_tag":[],"class_list":{"0":"post-14513","1":"product","2":"type-product","3":"status-publish","4":"has-post-thumbnail","6":"product_cat-filologie","7":"product_cat-limba-romana","9":"first","10":"instock","11":"shipping-taxable","12":"purchasable","13":"product-type-simple"},"_links":{"self":[{"href":"https:\/\/editura-unibuc.ro\/en\/wp-json\/wp\/v2\/product\/14513","targetHints":{"allow":["GET"]}}],"collection":[{"href":"https:\/\/editura-unibuc.ro\/en\/wp-json\/wp\/v2\/product"}],"about":[{"href":"https:\/\/editura-unibuc.ro\/en\/wp-json\/wp\/v2\/types\/product"}],"replies":[{"embeddable":true,"href":"https:\/\/editura-unibuc.ro\/en\/wp-json\/wp\/v2\/comments?post=14513"}],"wp:featuredmedia":[{"embeddable":true,"href":"https:\/\/editura-unibuc.ro\/en\/wp-json\/wp\/v2\/media\/18692"}],"wp:attachment":[{"href":"https:\/\/editura-unibuc.ro\/en\/wp-json\/wp\/v2\/media?parent=14513"}],"wp:term":[{"taxonomy":"product_brand","embeddable":true,"href":"https:\/\/editura-unibuc.ro\/en\/wp-json\/wp\/v2\/product_brand?post=14513"},{"taxonomy":"product_cat","embeddable":true,"href":"https:\/\/editura-unibuc.ro\/en\/wp-json\/wp\/v2\/product_cat?post=14513"},{"taxonomy":"product_tag","embeddable":true,"href":"https:\/\/editura-unibuc.ro\/en\/wp-json\/wp\/v2\/product_tag?post=14513"}],"curies":[{"name":"wp","href":"https:\/\/api.w.org\/{rel}","templated":true}]}}