{"id":14564,"date":"2015-12-09T16:56:09","date_gmt":"2015-12-09T14:56:09","guid":{"rendered":"https:\/\/editura-unibuc.ro\/?post_type=product&#038;p=14564"},"modified":"2018-11-07T23:26:13","modified_gmt":"2018-11-07T21:26:13","slug":"fara-granite-efectele-digitalizarii-in-redactiile-de-stiri","status":"publish","type":"product","link":"https:\/\/editura-unibuc.ro\/en\/fara-granite-efectele-digitalizarii-in-redactiile-de-stiri\/","title":{"rendered":"F\u0102R\u0102 GRANI\u0162E: EFECTELE DIGITALIZ\u0102RII \u00ceN REDAC\u0162IILE DE \u015eTIRI"},"content":{"rendered":"<p>Aceast\u0103 carte reprezint\u0103 roadele cercet\u0103rii doctorale a autorului \u00een Rom\u00e2nia (\u00een anul 2013) \u015fi \u00een SUA (\u00een anul 2014) privind fenomenul convergen\u0163ei media \u00een cadrul redac\u0163iilor de \u015ftiri, respectiv adoptarea \u015fi implementarea noilor tehnologii.<\/p>\n","protected":false},"excerpt":{"rendered":"<p>Aceast\u0103 carte reprezint\u0103 roadele cercet\u0103rii doctorale a autorului \u00een Rom\u00e2nia (\u00een anul 2013) \u015fi \u00een SUA (\u00een anul 2014) privind fenomenul convergen\u0163ei media \u00een cadrul redac\u0163iilor de \u015ftiri, respectiv adoptarea \u015fi implementarea noilor tehnologii.<\/p>\n","protected":false},"featured_media":14565,"comment_status":"open","ping_status":"closed","template":"","meta":[],"product_brand":[],"product_cat":[991,996],"product_tag":[1783,1781,1100,1779,1215,1782,1780],"class_list":{"0":"post-14564","1":"product","2":"type-product","3":"status-publish","4":"has-post-thumbnail","6":"product_cat-stiinte-sociale","7":"product_cat-jurnalism-si-stiintele-comunicarii","8":"product_tag-convergenta-media","9":"product_tag-digitalizare","10":"product_tag-jurnalism","11":"product_tag-jurnalism-si-stiintele-comunicarii","12":"product_tag-media","13":"product_tag-redactii-de-stiri","14":"product_tag-rodica-melinda-sutu","16":"first","17":"instock","18":"shipping-taxable","19":"purchasable","20":"product-type-simple"},"_links":{"self":[{"href":"https:\/\/editura-unibuc.ro\/en\/wp-json\/wp\/v2\/product\/14564","targetHints":{"allow":["GET"]}}],"collection":[{"href":"https:\/\/editura-unibuc.ro\/en\/wp-json\/wp\/v2\/product"}],"about":[{"href":"https:\/\/editura-unibuc.ro\/en\/wp-json\/wp\/v2\/types\/product"}],"replies":[{"embeddable":true,"href":"https:\/\/editura-unibuc.ro\/en\/wp-json\/wp\/v2\/comments?post=14564"}],"wp:featuredmedia":[{"embeddable":true,"href":"https:\/\/editura-unibuc.ro\/en\/wp-json\/wp\/v2\/media\/14565"}],"wp:attachment":[{"href":"https:\/\/editura-unibuc.ro\/en\/wp-json\/wp\/v2\/media?parent=14564"}],"wp:term":[{"taxonomy":"product_brand","embeddable":true,"href":"https:\/\/editura-unibuc.ro\/en\/wp-json\/wp\/v2\/product_brand?post=14564"},{"taxonomy":"product_cat","embeddable":true,"href":"https:\/\/editura-unibuc.ro\/en\/wp-json\/wp\/v2\/product_cat?post=14564"},{"taxonomy":"product_tag","embeddable":true,"href":"https:\/\/editura-unibuc.ro\/en\/wp-json\/wp\/v2\/product_tag?post=14564"}],"curies":[{"name":"wp","href":"https:\/\/api.w.org\/{rel}","templated":true}]}}