{"id":14570,"date":"2015-12-09T17:02:15","date_gmt":"2015-12-09T15:02:15","guid":{"rendered":"https:\/\/editura-unibuc.ro\/?post_type=product&#038;p=14570"},"modified":"2019-10-10T14:59:54","modified_gmt":"2019-10-10T11:59:54","slug":"ordinea-constituentilor-in-limba-romana-o-perspectiva-diacronica-structura-propozitiei-si-deplasarea-verbului","status":"publish","type":"product","link":"https:\/\/editura-unibuc.ro\/en\/ordinea-constituentilor-in-limba-romana-o-perspectiva-diacronica-structura-propozitiei-si-deplasarea-verbului\/","title":{"rendered":"ORDINEA CONSTITUEN\u0162ILOR \u00ceN LIMBA ROM\u00c2N\u0102: O PERSPECTIV\u0102 DIACRONIC\u0102: STRUCTURA PROPOZI\u0162IEI \u015eI DEPLASAREA VERBULUI"},"content":{"rendered":"<p>Cartea este o excelent\u0103 lucrare despre ordinea cuvintelor \u00een limba rom\u00e2n\u0103 veche, o lucrare de sintax\u0103 diacronic\u0103, \u00een care se face o descriere minu\u0163ioas\u0103 \u015fi nuan\u0163at\u0103, uneori prin compara\u0163ie cu latina, a datelor limbii vechi, \u00eenso\u0163it\u0103 de analize cantitative, \u00een cazul unor fenomene controversate. <\/p>\n","protected":false},"excerpt":{"rendered":"<p>Cartea este o excelent\u0103 lucrare despre ordinea cuvintelor \u00een limba rom\u00e2n\u0103 veche, o lucrare de sintax\u0103 diacronic\u0103, \u00een care se face o descriere minu\u0163ioas\u0103 \u015fi nuan\u0163at\u0103, uneori prin compara\u0163ie cu latina, a datelor limbii vechi, \u00eenso\u0163it\u0103 de analize cantitative, \u00een cazul unor fenomene controversate.<\/p>\n","protected":false},"featured_media":14571,"comment_status":"open","ping_status":"closed","template":"","meta":[],"product_brand":[],"product_cat":[1464,979],"product_tag":[1789,1791,1011,866,1792,1091,1790],"class_list":{"0":"post-14570","1":"product","2":"type-product","3":"status-publish","4":"has-post-thumbnail","6":"product_cat-filologie","7":"product_cat-limba-romana","8":"product_tag-alexandru-nicolae","9":"product_tag-limba-latina","10":"product_tag-limba-romana","11":"product_tag-limba-romana-veche","12":"product_tag-propozitie","13":"product_tag-sintaxa-diacronica","14":"product_tag-structura-propozitiei","16":"first","17":"instock","18":"shipping-taxable","19":"purchasable","20":"product-type-simple"},"_links":{"self":[{"href":"https:\/\/editura-unibuc.ro\/en\/wp-json\/wp\/v2\/product\/14570","targetHints":{"allow":["GET"]}}],"collection":[{"href":"https:\/\/editura-unibuc.ro\/en\/wp-json\/wp\/v2\/product"}],"about":[{"href":"https:\/\/editura-unibuc.ro\/en\/wp-json\/wp\/v2\/types\/product"}],"replies":[{"embeddable":true,"href":"https:\/\/editura-unibuc.ro\/en\/wp-json\/wp\/v2\/comments?post=14570"}],"wp:featuredmedia":[{"embeddable":true,"href":"https:\/\/editura-unibuc.ro\/en\/wp-json\/wp\/v2\/media\/14571"}],"wp:attachment":[{"href":"https:\/\/editura-unibuc.ro\/en\/wp-json\/wp\/v2\/media?parent=14570"}],"wp:term":[{"taxonomy":"product_brand","embeddable":true,"href":"https:\/\/editura-unibuc.ro\/en\/wp-json\/wp\/v2\/product_brand?post=14570"},{"taxonomy":"product_cat","embeddable":true,"href":"https:\/\/editura-unibuc.ro\/en\/wp-json\/wp\/v2\/product_cat?post=14570"},{"taxonomy":"product_tag","embeddable":true,"href":"https:\/\/editura-unibuc.ro\/en\/wp-json\/wp\/v2\/product_tag?post=14570"}],"curies":[{"name":"wp","href":"https:\/\/api.w.org\/{rel}","templated":true}]}}