{"id":14572,"date":"2015-12-09T17:05:26","date_gmt":"2015-12-09T15:05:26","guid":{"rendered":"https:\/\/editura-unibuc.ro\/?post_type=product&#038;p=14572"},"modified":"2020-02-10T15:31:04","modified_gmt":"2020-02-10T13:31:04","slug":"variatia-lingvistica-probleme-actuale-i-gramatica-istoria-limbii-romane-filologie-dialectologie","status":"publish","type":"product","link":"https:\/\/editura-unibuc.ro\/en\/variatia-lingvistica-probleme-actuale-i-gramatica-istoria-limbii-romane-filologie-dialectologie\/","title":{"rendered":"VARIA\u0162IA LINGVISTIC\u0102: PROBLEME ACTUALE. I GRAMATIC\u0102, ISTORIA LIMBII ROM\u00c2NE, FILOLOGIE, DIALECTOLOGIE"},"content":{"rendered":"<p>Acest prim volum cuprinde studii gramaticale asupra limbii rom\u00e2ne actuale, dar \u015fi asupra unor etape mai vechi ale limbii (sec. al XVI-lea \u2013 al XVII-lea), investig\u00e2nd aspecte particulare ale flexiunii nominale, ale utiliz\u0103rii infinitivului \u015fi supinului, ale construc\u0163iilor prepozi\u0163ionale, ale unor locu\u0163iuni adverbiale, ale nega\u0163iei etc. Sec\u0163iunea filologic\u0103 propune o reflec\u0163ie asupra normei \u015fi aduce date noi despre vechi recomand\u0103ri stilistice; de asemenea, discut\u0103 varia\u0163ia diacronic\u0103 \u015fi diatopic\u0103 \u00een: fonetic\u0103, lexic \u015fi semantic\u0103.<\/p>\n","protected":false},"excerpt":{"rendered":"<p>Acest prim volum cuprinde studii gramaticale asupra limbii rom\u00e2ne actuale, dar \u015fi asupra unor etape mai vechi ale limbii (sec. al XVI-lea \u2013 al XVII-lea), investig\u00e2nd aspecte particulare ale flexiunii nominale, ale utiliz\u0103rii infinitivului \u015fi supinului, ale construc\u0163iilor prepozi\u0163ionale, ale unor locu\u0163iuni adverbiale, ale nega\u0163iei etc. Sec\u0163iunea filologic\u0103 propune o reflec\u0163ie asupra normei \u015fi aduce [&hellip;]<\/p>\n","protected":false},"featured_media":14573,"comment_status":"open","ping_status":"closed","template":"","meta":[],"product_brand":[],"product_cat":[1464,979],"product_tag":[1044,1794,1243,866,895,1793,1795,1796,1797],"class_list":{"0":"post-14572","1":"product","2":"type-product","3":"status-publish","4":"has-post-thumbnail","6":"product_cat-filologie","7":"product_cat-limba-romana","8":"product_tag-filologie","9":"product_tag-isabela-nedelcu","10":"product_tag-limba-romana-actuala","11":"product_tag-limba-romana-veche","12":"product_tag-lingvistica","13":"product_tag-rodica-zafiu","14":"product_tag-studii-gramaticale","15":"product_tag-variatia-diacronica","16":"product_tag-variatia-diatopica","18":"first","19":"outofstock","20":"shipping-taxable","21":"purchasable","22":"product-type-simple"},"_links":{"self":[{"href":"https:\/\/editura-unibuc.ro\/en\/wp-json\/wp\/v2\/product\/14572","targetHints":{"allow":["GET"]}}],"collection":[{"href":"https:\/\/editura-unibuc.ro\/en\/wp-json\/wp\/v2\/product"}],"about":[{"href":"https:\/\/editura-unibuc.ro\/en\/wp-json\/wp\/v2\/types\/product"}],"replies":[{"embeddable":true,"href":"https:\/\/editura-unibuc.ro\/en\/wp-json\/wp\/v2\/comments?post=14572"}],"wp:featuredmedia":[{"embeddable":true,"href":"https:\/\/editura-unibuc.ro\/en\/wp-json\/wp\/v2\/media\/14573"}],"wp:attachment":[{"href":"https:\/\/editura-unibuc.ro\/en\/wp-json\/wp\/v2\/media?parent=14572"}],"wp:term":[{"taxonomy":"product_brand","embeddable":true,"href":"https:\/\/editura-unibuc.ro\/en\/wp-json\/wp\/v2\/product_brand?post=14572"},{"taxonomy":"product_cat","embeddable":true,"href":"https:\/\/editura-unibuc.ro\/en\/wp-json\/wp\/v2\/product_cat?post=14572"},{"taxonomy":"product_tag","embeddable":true,"href":"https:\/\/editura-unibuc.ro\/en\/wp-json\/wp\/v2\/product_tag?post=14572"}],"curies":[{"name":"wp","href":"https:\/\/api.w.org\/{rel}","templated":true}]}}