{"id":14574,"date":"2015-12-09T17:07:27","date_gmt":"2015-12-09T15:07:27","guid":{"rendered":"https:\/\/editura-unibuc.ro\/?post_type=product&#038;p=14574"},"modified":"2020-02-10T15:29:51","modified_gmt":"2020-02-10T13:29:51","slug":"variatia-lingvistica-probleme-actuale-ii-pragmatica-si-stilistica-lexic-semantica-terminologii","status":"publish","type":"product","link":"https:\/\/editura-unibuc.ro\/en\/variatia-lingvistica-probleme-actuale-ii-pragmatica-si-stilistica-lexic-semantica-terminologii\/","title":{"rendered":"VARIA\u0162IA LINGVISTIC\u0102: PROBLEME ACTUALE. II PRAGMATIC\u0102 \u015eI STILISTIC\u0102. LEXIC, SEMANTIC\u0102, TERMINOLOGII"},"content":{"rendered":"<p>\u00cen volumul al doilea sec\u0163iunea consacrat\u0103 pragmaticii \u015fi stilisticii este dominat\u0103 de reflec\u0163ii asupra marcatorilor discursivi, a conectorilor, a deixisului, a perspectivei narative, a strategiilor metadiscursive, ilustrate prin descrieri bazate pe corpusuri speciale. <\/p>\n","protected":false},"excerpt":{"rendered":"<p>\u00cen volumul al doilea sec\u0163iunea consacrat\u0103 pragmaticii \u015fi stilisticii este dominat\u0103 de reflec\u0163ii asupra marcatorilor discursivi, a conectorilor, a deixisului, a perspectivei narative, a strategiilor metadiscursive, ilustrate prin descrieri bazate pe corpusuri speciale.<\/p>\n","protected":false},"featured_media":14575,"comment_status":"open","ping_status":"closed","template":"","meta":[],"product_brand":[],"product_cat":[1464,979],"product_tag":[1799,1801,1244,1804,1805,1798,1800,1802,1223,1793,1568,1803],"class_list":{"0":"post-14574","1":"product","2":"type-product","3":"status-publish","4":"has-post-thumbnail","6":"product_cat-filologie","7":"product_cat-limba-romana","8":"product_tag-claudia-ene","9":"product_tag-conectori","10":"product_tag-deixis","11":"product_tag-diminutive","12":"product_tag-frazeologisme","13":"product_tag-lexic","14":"product_tag-marcatori-discursivi","15":"product_tag-perspectiva-narativa","16":"product_tag-pragmatica","17":"product_tag-rodica-zafiu","18":"product_tag-stilistica","19":"product_tag-strategii-metadiscursive","21":"first","22":"outofstock","23":"shipping-taxable","24":"purchasable","25":"product-type-simple"},"_links":{"self":[{"href":"https:\/\/editura-unibuc.ro\/en\/wp-json\/wp\/v2\/product\/14574","targetHints":{"allow":["GET"]}}],"collection":[{"href":"https:\/\/editura-unibuc.ro\/en\/wp-json\/wp\/v2\/product"}],"about":[{"href":"https:\/\/editura-unibuc.ro\/en\/wp-json\/wp\/v2\/types\/product"}],"replies":[{"embeddable":true,"href":"https:\/\/editura-unibuc.ro\/en\/wp-json\/wp\/v2\/comments?post=14574"}],"wp:featuredmedia":[{"embeddable":true,"href":"https:\/\/editura-unibuc.ro\/en\/wp-json\/wp\/v2\/media\/14575"}],"wp:attachment":[{"href":"https:\/\/editura-unibuc.ro\/en\/wp-json\/wp\/v2\/media?parent=14574"}],"wp:term":[{"taxonomy":"product_brand","embeddable":true,"href":"https:\/\/editura-unibuc.ro\/en\/wp-json\/wp\/v2\/product_brand?post=14574"},{"taxonomy":"product_cat","embeddable":true,"href":"https:\/\/editura-unibuc.ro\/en\/wp-json\/wp\/v2\/product_cat?post=14574"},{"taxonomy":"product_tag","embeddable":true,"href":"https:\/\/editura-unibuc.ro\/en\/wp-json\/wp\/v2\/product_tag?post=14574"}],"curies":[{"name":"wp","href":"https:\/\/api.w.org\/{rel}","templated":true}]}}