{"id":14595,"date":"2015-12-14T20:02:18","date_gmt":"2015-12-14T18:02:18","guid":{"rendered":"https:\/\/editura-unibuc.ro\/?post_type=product&#038;p=14595"},"modified":"2016-09-15T15:09:38","modified_gmt":"2016-09-15T12:09:38","slug":"pozitionarea-ue-in-realitatea-economica-si-geopolitica-antologie-de-reflectii-si-studii-de-caz-privind-noua-ordine-economica-mondiala","status":"publish","type":"product","link":"https:\/\/editura-unibuc.ro\/en\/pozitionarea-ue-in-realitatea-economica-si-geopolitica-antologie-de-reflectii-si-studii-de-caz-privind-noua-ordine-economica-mondiala\/","title":{"rendered":"POZI\u0162IONAREA UE \u00ceN REALITATEA ECONOMIC\u0102 \u015eI GEOPOLITIC\u0102. ANTOLOGIE DE REFLEC\u0162II \u015eI STUDII DE CAZ PRIVIND NOUA ORDINE ECONOMIC\u0102 MONDIAL\u0102"},"content":{"rendered":"<p>Pe parcursul celor cinci capitole \u00een jurul c\u0103rora este structurat\u0103 lucrarea, autoarea ne invit\u0103 s\u0103 o \u00eenso\u0163im \u00eentr-o ampl\u0103 incursiune \u00een realit\u0103\u0163ile economice (\u015fi nu numai) din lumea contemporan\u0103 prin prisma UE \u015fi reu\u015fe\u015fte s\u0103 realizeze o minu\u0163ioas\u0103 diagnoz\u0103 a modului \u00een care se raporteaz\u0103 UE la actualul context economic \u015fi geopolitic global \u015fi, respectiv, la cel care se contureaz\u0103 \u00een viitor.<\/p>\n","protected":false},"excerpt":{"rendered":"<p>Pe parcursul celor cinci capitole \u00een jurul c\u0103rora este structurat\u0103 lucrarea, autoarea ne invit\u0103 s\u0103 o \u00eenso\u0163im \u00eentr-o ampl\u0103 incursiune \u00een realit\u0103\u0163ile economice (\u015fi nu numai) din lumea contemporan\u0103 prin prisma UE \u015fi reu\u015fe\u015fte s\u0103 realizeze o minu\u0163ioas\u0103 diagnoz\u0103 a modului \u00een care se raporteaz\u0103 UE la actualul context economic \u015fi geopolitic global \u015fi, respectiv, [&hellip;]<\/p>\n","protected":false},"featured_media":14596,"comment_status":"open","ping_status":"closed","template":"","meta":[],"product_brand":[],"product_cat":[991,992],"product_tag":[1066,1815,1814,1816,1427],"class_list":{"0":"post-14595","1":"product","2":"type-product","3":"status-publish","4":"has-post-thumbnail","6":"product_cat-stiinte-sociale","7":"product_cat-administratie-si-afaceri","8":"product_tag-economie","9":"product_tag-geopolitica","10":"product_tag-iulia-monica-oehler-sincai","11":"product_tag-noua-ordine-economica-mondiala","12":"product_tag-ue","14":"first","15":"outofstock","16":"shipping-taxable","17":"purchasable","18":"product-type-simple"},"_links":{"self":[{"href":"https:\/\/editura-unibuc.ro\/en\/wp-json\/wp\/v2\/product\/14595","targetHints":{"allow":["GET"]}}],"collection":[{"href":"https:\/\/editura-unibuc.ro\/en\/wp-json\/wp\/v2\/product"}],"about":[{"href":"https:\/\/editura-unibuc.ro\/en\/wp-json\/wp\/v2\/types\/product"}],"replies":[{"embeddable":true,"href":"https:\/\/editura-unibuc.ro\/en\/wp-json\/wp\/v2\/comments?post=14595"}],"wp:featuredmedia":[{"embeddable":true,"href":"https:\/\/editura-unibuc.ro\/en\/wp-json\/wp\/v2\/media\/14596"}],"wp:attachment":[{"href":"https:\/\/editura-unibuc.ro\/en\/wp-json\/wp\/v2\/media?parent=14595"}],"wp:term":[{"taxonomy":"product_brand","embeddable":true,"href":"https:\/\/editura-unibuc.ro\/en\/wp-json\/wp\/v2\/product_brand?post=14595"},{"taxonomy":"product_cat","embeddable":true,"href":"https:\/\/editura-unibuc.ro\/en\/wp-json\/wp\/v2\/product_cat?post=14595"},{"taxonomy":"product_tag","embeddable":true,"href":"https:\/\/editura-unibuc.ro\/en\/wp-json\/wp\/v2\/product_tag?post=14595"}],"curies":[{"name":"wp","href":"https:\/\/api.w.org\/{rel}","templated":true}]}}