{"id":14606,"date":"2015-12-14T20:12:50","date_gmt":"2015-12-14T18:12:50","guid":{"rendered":"https:\/\/editura-unibuc.ro\/?post_type=product&#038;p=14606"},"modified":"2025-08-08T13:34:16","modified_gmt":"2025-08-08T10:34:16","slug":"tipuri-de-propozitii-si-fraze-in-limba-japoneza","status":"publish","type":"product","link":"https:\/\/editura-unibuc.ro\/en\/tipuri-de-propozitii-si-fraze-in-limba-japoneza\/","title":{"rendered":"TIPURI DE PROPOZI\u0162II \u015eI FRAZE \u00ceN LIMBA JAPONEZ\u0102 VOL. I"},"content":{"rendered":"<p>Lucrarea se adreseaz\u0103 studen\u0163ilor care au deja un nivel \u00eencep\u0103tor \u00een limba japonez\u0103, pantru a le extinde capacitatea de \u00een\u0163elegere \u015fi de construire a propozi\u0163iilor \u015fi frazelor \u00een diverse contexte.<\/p>\n","protected":false},"excerpt":{"rendered":"<p>Lucrarea se adreseaz\u0103 studen\u0163ilor care au deja un nivel \u00eencep\u0103tor \u00een limba japonez\u0103, pantru a le extinde capacitatea de \u00een\u0163elegere \u015fi de construire a propozi\u0163iilor \u015fi frazelor \u00een diverse contexte.<\/p>\n","protected":false},"featured_media":14607,"comment_status":"open","ping_status":"closed","template":"","meta":[],"product_brand":[],"product_cat":[1464,980],"product_tag":[1693,1838,1835,1836,1837],"class_list":{"0":"post-14606","1":"product","2":"type-product","3":"status-publish","4":"has-post-thumbnail","6":"product_cat-filologie","7":"product_cat-limbi-romanice-clasice-si-orientale","8":"product_tag-gramatica-japoneza","9":"product_tag-japanese-language-proficiency-test","10":"product_tag-limba-japoneza","11":"product_tag-ruxandra-oana-raianu","12":"product_tag-tomonari-kuroda","14":"first","15":"instock","16":"shipping-taxable","17":"purchasable","18":"product-type-simple"},"_links":{"self":[{"href":"https:\/\/editura-unibuc.ro\/en\/wp-json\/wp\/v2\/product\/14606","targetHints":{"allow":["GET"]}}],"collection":[{"href":"https:\/\/editura-unibuc.ro\/en\/wp-json\/wp\/v2\/product"}],"about":[{"href":"https:\/\/editura-unibuc.ro\/en\/wp-json\/wp\/v2\/types\/product"}],"replies":[{"embeddable":true,"href":"https:\/\/editura-unibuc.ro\/en\/wp-json\/wp\/v2\/comments?post=14606"}],"wp:featuredmedia":[{"embeddable":true,"href":"https:\/\/editura-unibuc.ro\/en\/wp-json\/wp\/v2\/media\/14607"}],"wp:attachment":[{"href":"https:\/\/editura-unibuc.ro\/en\/wp-json\/wp\/v2\/media?parent=14606"}],"wp:term":[{"taxonomy":"product_brand","embeddable":true,"href":"https:\/\/editura-unibuc.ro\/en\/wp-json\/wp\/v2\/product_brand?post=14606"},{"taxonomy":"product_cat","embeddable":true,"href":"https:\/\/editura-unibuc.ro\/en\/wp-json\/wp\/v2\/product_cat?post=14606"},{"taxonomy":"product_tag","embeddable":true,"href":"https:\/\/editura-unibuc.ro\/en\/wp-json\/wp\/v2\/product_tag?post=14606"}],"curies":[{"name":"wp","href":"https:\/\/api.w.org\/{rel}","templated":true}]}}