{"id":14608,"date":"2015-12-14T20:14:40","date_gmt":"2015-12-14T18:14:40","guid":{"rendered":"https:\/\/editura-unibuc.ro\/?post_type=product&#038;p=14608"},"modified":"2015-12-14T20:14:40","modified_gmt":"2015-12-14T18:14:40","slug":"vocabularul-cinegetic-in-limba-greaca-veche","status":"publish","type":"product","link":"https:\/\/editura-unibuc.ro\/en\/vocabularul-cinegetic-in-limba-greaca-veche\/","title":{"rendered":"VOCABULARUL CINEGETIC \u00ceN LIMBA GREAC\u0102 VECHE"},"content":{"rendered":"<p>Lucrarea de fa\u0163\u0103 trateaz\u0103 un subiect inedit \u00een spa\u0163iul filologic rom\u00e2nesc \u2013 vocabularul cinegetic din limba greac\u0103 veche \u2013 prin abordarea v\u00e2n\u0103torii din perspectiv\u0103 lexico-semantic\u0103.<\/p>\n","protected":false},"excerpt":{"rendered":"<p>Lucrarea de fa\u0163\u0103 trateaz\u0103 un subiect inedit \u00een spa\u0163iul filologic rom\u00e2nesc \u2013 vocabularul cinegetic din limba greac\u0103 veche \u2013 prin abordarea v\u00e2n\u0103torii din perspectiv\u0103 lexico-semantic\u0103.<\/p>\n","protected":false},"featured_media":14609,"comment_status":"open","ping_status":"closed","template":"","meta":[],"product_brand":[],"product_cat":[1464,980],"product_tag":[1044,1267,1512,881,1842,1839,1840,1841],"class_list":{"0":"post-14608","1":"product","2":"type-product","3":"status-publish","4":"has-post-thumbnail","6":"product_cat-filologie","7":"product_cat-limbi-romanice-clasice-si-orientale","8":"product_tag-filologie","9":"product_tag-greaca-veche","10":"product_tag-grecia-antica","11":"product_tag-istorie","12":"product_tag-lexic-vanatoresc","13":"product_tag-razvan-bran","14":"product_tag-vocabular-cinegetic","15":"product_tag-xenophon","17":"first","18":"instock","19":"shipping-taxable","20":"purchasable","21":"product-type-simple"},"_links":{"self":[{"href":"https:\/\/editura-unibuc.ro\/en\/wp-json\/wp\/v2\/product\/14608","targetHints":{"allow":["GET"]}}],"collection":[{"href":"https:\/\/editura-unibuc.ro\/en\/wp-json\/wp\/v2\/product"}],"about":[{"href":"https:\/\/editura-unibuc.ro\/en\/wp-json\/wp\/v2\/types\/product"}],"replies":[{"embeddable":true,"href":"https:\/\/editura-unibuc.ro\/en\/wp-json\/wp\/v2\/comments?post=14608"}],"wp:featuredmedia":[{"embeddable":true,"href":"https:\/\/editura-unibuc.ro\/en\/wp-json\/wp\/v2\/media\/14609"}],"wp:attachment":[{"href":"https:\/\/editura-unibuc.ro\/en\/wp-json\/wp\/v2\/media?parent=14608"}],"wp:term":[{"taxonomy":"product_brand","embeddable":true,"href":"https:\/\/editura-unibuc.ro\/en\/wp-json\/wp\/v2\/product_brand?post=14608"},{"taxonomy":"product_cat","embeddable":true,"href":"https:\/\/editura-unibuc.ro\/en\/wp-json\/wp\/v2\/product_cat?post=14608"},{"taxonomy":"product_tag","embeddable":true,"href":"https:\/\/editura-unibuc.ro\/en\/wp-json\/wp\/v2\/product_tag?post=14608"}],"curies":[{"name":"wp","href":"https:\/\/api.w.org\/{rel}","templated":true}]}}