{"id":14619,"date":"2015-12-16T17:23:50","date_gmt":"2015-12-16T15:23:50","guid":{"rendered":"https:\/\/editura-unibuc.ro\/?post_type=product&#038;p=14619"},"modified":"2019-11-18T13:25:52","modified_gmt":"2019-11-18T11:25:52","slug":"le-libertin-comedien-et-la-scene-mondaine-dans-loeuvre-de-claude-crebillon","status":"publish","type":"product","link":"https:\/\/editura-unibuc.ro\/en\/le-libertin-comedien-et-la-scene-mondaine-dans-loeuvre-de-claude-crebillon\/","title":{"rendered":"LE LIBERTIN-COMEDIEN ET LA SCENE MONDAINE DANS L\u2019OEUVRE DE CLAUDE CREBILLON"},"content":{"rendered":"<p>Prin ineditul demersului s\u0103u analitic, lucrarea de fa\u0163\u0103 constituie o substan\u0163ial\u0103 dezvoltare a studiilor despre libertinism \u015fi \u00eendeosebi despre opera extrem de interesant\u0103 a unui scriitor prea pu\u0163in explorat \u015fi aproape uitat.<\/p>\n","protected":false},"excerpt":{"rendered":"<p>Prin ineditul demersului s\u0103u analitic, lucrarea de fa\u0163\u0103 constituie o substan\u0163ial\u0103 dezvoltare a studiilor despre libertinism \u015fi \u00eendeosebi despre opera extrem de interesant\u0103 a unui scriitor prea pu\u0163in explorat \u015fi aproape uitat.<\/p>\n","protected":false},"featured_media":14620,"comment_status":"open","ping_status":"closed","template":"","meta":[],"product_brand":[],"product_cat":[1464,977],"product_tag":[1853,1850,1848,1851,1849,1852,1854],"class_list":{"0":"post-14619","1":"product","2":"type-product","3":"status-publish","4":"has-post-thumbnail","6":"product_cat-filologie","7":"product_cat-limba-franceza","8":"product_tag-actor","9":"product_tag-claude-crebillon","10":"product_tag-comedien","11":"product_tag-lucia-marinescu","12":"product_tag-scene","13":"product_tag-sec-xviii","14":"product_tag-teatralitate","16":"first","17":"instock","18":"shipping-taxable","19":"purchasable","20":"product-type-simple"},"_links":{"self":[{"href":"https:\/\/editura-unibuc.ro\/en\/wp-json\/wp\/v2\/product\/14619","targetHints":{"allow":["GET"]}}],"collection":[{"href":"https:\/\/editura-unibuc.ro\/en\/wp-json\/wp\/v2\/product"}],"about":[{"href":"https:\/\/editura-unibuc.ro\/en\/wp-json\/wp\/v2\/types\/product"}],"replies":[{"embeddable":true,"href":"https:\/\/editura-unibuc.ro\/en\/wp-json\/wp\/v2\/comments?post=14619"}],"wp:featuredmedia":[{"embeddable":true,"href":"https:\/\/editura-unibuc.ro\/en\/wp-json\/wp\/v2\/media\/14620"}],"wp:attachment":[{"href":"https:\/\/editura-unibuc.ro\/en\/wp-json\/wp\/v2\/media?parent=14619"}],"wp:term":[{"taxonomy":"product_brand","embeddable":true,"href":"https:\/\/editura-unibuc.ro\/en\/wp-json\/wp\/v2\/product_brand?post=14619"},{"taxonomy":"product_cat","embeddable":true,"href":"https:\/\/editura-unibuc.ro\/en\/wp-json\/wp\/v2\/product_cat?post=14619"},{"taxonomy":"product_tag","embeddable":true,"href":"https:\/\/editura-unibuc.ro\/en\/wp-json\/wp\/v2\/product_tag?post=14619"}],"curies":[{"name":"wp","href":"https:\/\/api.w.org\/{rel}","templated":true}]}}