{"id":14657,"date":"2016-01-06T10:55:49","date_gmt":"2016-01-06T08:55:49","guid":{"rendered":"https:\/\/editura-unibuc.ro\/?post_type=product&#038;p=14657"},"modified":"2020-06-05T12:19:57","modified_gmt":"2020-06-05T09:19:57","slug":"repere-revista-de-stiintele-educatiei-vol-9-nr-12015","status":"publish","type":"product","link":"https:\/\/editura-unibuc.ro\/en\/repere-revista-de-stiintele-educatiei-vol-9-nr-12015\/","title":{"rendered":"REPERE \u2013 REVIST\u0102 DE \u015eTIIN\u0162ELE EDUCA\u0162IEI, VOL. 9, NR. 1\/2015"},"content":{"rendered":"","protected":false},"excerpt":{"rendered":"","protected":false},"featured_media":14683,"comment_status":"open","ping_status":"closed","template":"","meta":[],"product_brand":[],"product_cat":[1891,1469,1893,991,997],"product_tag":[1513,1864,1862,1861,1866,1865,1863],"class_list":{"0":"post-14657","1":"product","2":"type-product","3":"status-publish","4":"has-post-thumbnail","6":"product_cat-download","7":"product_cat-periodice","8":"product_cat-reviste-academice","9":"product_cat-stiinte-sociale","10":"product_cat-psihologie-stiintele-educatiei-si-pedagogie","11":"product_tag-antreprenoriat","12":"product_tag-comunicarea-totala","13":"product_tag-discursul-regelui-mihai","14":"product_tag-invatarea-in-designul-aplicatiilor-digitale","15":"product_tag-mentorat","16":"product_tag-motivatia-pentru-invatare","17":"product_tag-practici-de-specialitate-in-mediul-geografic-universitar","19":"first","20":"instock","21":"downloadable","22":"virtual","23":"product-type-simple"},"_links":{"self":[{"href":"https:\/\/editura-unibuc.ro\/en\/wp-json\/wp\/v2\/product\/14657","targetHints":{"allow":["GET"]}}],"collection":[{"href":"https:\/\/editura-unibuc.ro\/en\/wp-json\/wp\/v2\/product"}],"about":[{"href":"https:\/\/editura-unibuc.ro\/en\/wp-json\/wp\/v2\/types\/product"}],"replies":[{"embeddable":true,"href":"https:\/\/editura-unibuc.ro\/en\/wp-json\/wp\/v2\/comments?post=14657"}],"wp:featuredmedia":[{"embeddable":true,"href":"https:\/\/editura-unibuc.ro\/en\/wp-json\/wp\/v2\/media\/14683"}],"wp:attachment":[{"href":"https:\/\/editura-unibuc.ro\/en\/wp-json\/wp\/v2\/media?parent=14657"}],"wp:term":[{"taxonomy":"product_brand","embeddable":true,"href":"https:\/\/editura-unibuc.ro\/en\/wp-json\/wp\/v2\/product_brand?post=14657"},{"taxonomy":"product_cat","embeddable":true,"href":"https:\/\/editura-unibuc.ro\/en\/wp-json\/wp\/v2\/product_cat?post=14657"},{"taxonomy":"product_tag","embeddable":true,"href":"https:\/\/editura-unibuc.ro\/en\/wp-json\/wp\/v2\/product_tag?post=14657"}],"curies":[{"name":"wp","href":"https:\/\/api.w.org\/{rel}","templated":true}]}}