{"id":14659,"date":"2016-01-06T10:46:56","date_gmt":"2016-01-06T08:46:56","guid":{"rendered":"https:\/\/editura-unibuc.ro\/?post_type=product&#038;p=14659"},"modified":"2016-01-06T10:46:56","modified_gmt":"2016-01-06T08:46:56","slug":"ghid-de-conversatie-roman-ceh","status":"publish","type":"product","link":"https:\/\/editura-unibuc.ro\/en\/ghid-de-conversatie-roman-ceh\/","title":{"rendered":"GHID DE CONVERSA\u0162IE ROM\u00c2N-CEH"},"content":{"rendered":"<p>Cartea se adreseaz\u0103 tuturor celor doritori s\u0103 dob\u00e2ndeasc\u0103 deprinderea de a comunica cu cehii \u00een limba acestora. Materialul lingvistic cuprinde un num\u0103r mare de situa\u0163ii, \u00eencep\u00e2nd cu formul\u0103rile de uz curent \u015fi continu\u00e2nd cu cele specifice rela\u0163iilor sociale \u015fi diferitelor domenii de activitate.<\/p>\n","protected":false},"excerpt":{"rendered":"<p>Cartea se adreseaz\u0103 tuturor celor doritori s\u0103 dob\u00e2ndeasc\u0103 deprinderea de a comunica cu cehii \u00een limba acestora. Materialul lingvistic cuprinde un num\u0103r mare de situa\u0163ii, \u00eencep\u00e2nd cu formul\u0103rile de uz curent \u015fi continu\u00e2nd cu cele specifice rela\u0163iilor sociale \u015fi diferitelor domenii de activitate.<\/p>\n","protected":false},"featured_media":14660,"comment_status":"open","ping_status":"closed","template":"","meta":[],"product_brand":[],"product_cat":[1464,981],"product_tag":[1870,1435,1867,1019,1871,1868,1869],"class_list":{"0":"post-14659","1":"product","2":"type-product","3":"status-publish","4":"has-post-thumbnail","6":"product_cat-filologie","7":"product_cat-limbi-slave","8":"product_tag-boemistica","9":"product_tag-expresii-uzuale","10":"product_tag-ghid-de-conversatie","11":"product_tag-limba-ceha","12":"product_tag-pronuntarea","13":"product_tag-roman-ceh","14":"product_tag-tiberiu-pleter","16":"first","17":"instock","18":"shipping-taxable","19":"purchasable","20":"product-type-simple"},"_links":{"self":[{"href":"https:\/\/editura-unibuc.ro\/en\/wp-json\/wp\/v2\/product\/14659","targetHints":{"allow":["GET"]}}],"collection":[{"href":"https:\/\/editura-unibuc.ro\/en\/wp-json\/wp\/v2\/product"}],"about":[{"href":"https:\/\/editura-unibuc.ro\/en\/wp-json\/wp\/v2\/types\/product"}],"replies":[{"embeddable":true,"href":"https:\/\/editura-unibuc.ro\/en\/wp-json\/wp\/v2\/comments?post=14659"}],"wp:featuredmedia":[{"embeddable":true,"href":"https:\/\/editura-unibuc.ro\/en\/wp-json\/wp\/v2\/media\/14660"}],"wp:attachment":[{"href":"https:\/\/editura-unibuc.ro\/en\/wp-json\/wp\/v2\/media?parent=14659"}],"wp:term":[{"taxonomy":"product_brand","embeddable":true,"href":"https:\/\/editura-unibuc.ro\/en\/wp-json\/wp\/v2\/product_brand?post=14659"},{"taxonomy":"product_cat","embeddable":true,"href":"https:\/\/editura-unibuc.ro\/en\/wp-json\/wp\/v2\/product_cat?post=14659"},{"taxonomy":"product_tag","embeddable":true,"href":"https:\/\/editura-unibuc.ro\/en\/wp-json\/wp\/v2\/product_tag?post=14659"}],"curies":[{"name":"wp","href":"https:\/\/api.w.org\/{rel}","templated":true}]}}