{"id":14661,"date":"2016-01-06T10:48:55","date_gmt":"2016-01-06T08:48:55","guid":{"rendered":"https:\/\/editura-unibuc.ro\/?post_type=product&#038;p=14661"},"modified":"2018-01-10T11:30:35","modified_gmt":"2018-01-10T09:30:35","slug":"aristotel-problema-analogiei-si-filosofia-donatiei","status":"publish","type":"product","link":"https:\/\/editura-unibuc.ro\/en\/aristotel-problema-analogiei-si-filosofia-donatiei\/","title":{"rendered":"ARISTOTEL. PROBLEMA ANALOGIEI \u015eI FILOSOFIA DONA\u0162IEI"},"content":{"rendered":"<p>Teza principal\u0103 a c\u0103r\u0163ii de fa\u0163\u0103 este c\u0103, odat\u0103 intrat\u0103 pe scena filozofiei, no\u0163iunea de analogie prime\u015fte un  \u00een\u0163eles sau mai exact o conota\u0163ie participativ\u0103, implic\u00e2nd de fiecare dat\u0103 posibile \u00eenrudiri sau \u201esin-geneze\u201d, leg\u0103turi abia \u00eentrez\u0103rite \u00eentr-o lume vie care nu \u00eenceteaz\u0103 s\u0103-\u015fi modifice \u201e\u0163es\u0103tura\u201d.<\/p>","protected":false},"excerpt":{"rendered":"<p>Teza principal\u0103 a c\u0103r\u0163ii de fa\u0163\u0103 este c\u0103, odat\u0103 intrat\u0103 pe scena filozofiei, no\u0163iunea de analogie prime\u015fte un \u00een\u0163eles sau mai exact o conota\u0163ie participativ\u0103, implic\u00e2nd de fiecare dat\u0103 posibile \u00eenrudiri sau \u201esin-geneze\u201d, leg\u0103turi abia \u00eentrez\u0103rite \u00eentr-o lume vie care nu \u00eenceteaz\u0103 s\u0103-\u015fi modifice \u201e\u0163es\u0103tura\u201d.<\/p>\n","protected":false},"featured_media":14662,"comment_status":"open","ping_status":"closed","template":"","meta":[],"product_brand":[],"product_cat":[991,994],"product_tag":[1872,1068,1878,1877,1874,1873,1879,1875,1876,1880],"class_list":{"0":"post-14661","1":"product","2":"type-product","3":"status-publish","4":"has-post-thumbnail","6":"product_cat-stiinte-sociale","7":"product_cat-filosofie","8":"product_tag-analogie","9":"product_tag-aristotel","10":"product_tag-categorii-de-gandire","11":"product_tag-categorii-de-limba","12":"product_tag-cristian-iftode","13":"product_tag-filosofia-donatiei","14":"product_tag-imitatie","15":"product_tag-platon","16":"product_tag-semnificatiile-fiintei","17":"product_tag-toma-de-aquino","19":"first","20":"outofstock","21":"shipping-taxable","22":"purchasable","23":"product-type-simple"},"_links":{"self":[{"href":"https:\/\/editura-unibuc.ro\/en\/wp-json\/wp\/v2\/product\/14661","targetHints":{"allow":["GET"]}}],"collection":[{"href":"https:\/\/editura-unibuc.ro\/en\/wp-json\/wp\/v2\/product"}],"about":[{"href":"https:\/\/editura-unibuc.ro\/en\/wp-json\/wp\/v2\/types\/product"}],"replies":[{"embeddable":true,"href":"https:\/\/editura-unibuc.ro\/en\/wp-json\/wp\/v2\/comments?post=14661"}],"wp:featuredmedia":[{"embeddable":true,"href":"https:\/\/editura-unibuc.ro\/en\/wp-json\/wp\/v2\/media\/14662"}],"wp:attachment":[{"href":"https:\/\/editura-unibuc.ro\/en\/wp-json\/wp\/v2\/media?parent=14661"}],"wp:term":[{"taxonomy":"product_brand","embeddable":true,"href":"https:\/\/editura-unibuc.ro\/en\/wp-json\/wp\/v2\/product_brand?post=14661"},{"taxonomy":"product_cat","embeddable":true,"href":"https:\/\/editura-unibuc.ro\/en\/wp-json\/wp\/v2\/product_cat?post=14661"},{"taxonomy":"product_tag","embeddable":true,"href":"https:\/\/editura-unibuc.ro\/en\/wp-json\/wp\/v2\/product_tag?post=14661"}],"curies":[{"name":"wp","href":"https:\/\/api.w.org\/{rel}","templated":true}]}}