{"id":14900,"date":"2016-02-01T16:12:58","date_gmt":"2016-02-01T14:12:58","guid":{"rendered":"https:\/\/editura-unibuc.ro\/?post_type=product&#038;p=14900"},"modified":"2017-09-28T12:03:06","modified_gmt":"2017-09-28T09:03:06","slug":"realizarea-grupurilor-consonantice-ale-limbii-elene-de-catre-adulti-vorbitori-nativi-ai-limbii-romane","status":"publish","type":"product","link":"https:\/\/editura-unibuc.ro\/en\/realizarea-grupurilor-consonantice-ale-limbii-elene-de-catre-adulti-vorbitori-nativi-ai-limbii-romane\/","title":{"rendered":"REALIZAREA GRUPURILOR CONSONANTICE ALE LIMBII ELENE DE C\u0102TRE ADUL\u0162I VORBITORI NATIVI AI LIMBII ROM\u00c2NE"},"content":{"rendered":"<p>Prezenta lucrare este dedicat\u0103 studierii modului \u00een care se realizeaz\u0103 grupuril bi- \u015fi tri-consonantice din limba neograeac\u0103 de c\u0103tre adul\u0163i vorbitori nativi ai limbii rom\u00e2ne.<\/p>","protected":false},"excerpt":{"rendered":"<p>Prezenta lucrare este dedicat\u0103 studierii modului \u00een care se realizeaz\u0103 grupuril bi- \u015fi tri-consonantice din limba neograeac\u0103 de c\u0103tre adul\u0163i vorbitori nativi ai limbii rom\u00e2ne.<\/p>\n","protected":false},"featured_media":14901,"comment_status":"open","ping_status":"closed","template":"","meta":[],"product_brand":[],"product_cat":[1464,980],"product_tag":[1898,1902,1900,1798,1897,1011,1899,1901],"class_list":{"0":"post-14900","1":"product","2":"type-product","3":"status-publish","4":"has-post-thumbnail","6":"product_cat-filologie","7":"product_cat-limbi-romanice-clasice-si-orientale","8":"product_tag-andreea-alexandra-loizo","9":"product_tag-consoane","10":"product_tag-foneme","11":"product_tag-lexic","12":"product_tag-limba-elena","13":"product_tag-limba-romana","14":"product_tag-ngr","15":"product_tag-vocale","17":"first","18":"instock","19":"shipping-taxable","20":"purchasable","21":"product-type-simple"},"_links":{"self":[{"href":"https:\/\/editura-unibuc.ro\/en\/wp-json\/wp\/v2\/product\/14900","targetHints":{"allow":["GET"]}}],"collection":[{"href":"https:\/\/editura-unibuc.ro\/en\/wp-json\/wp\/v2\/product"}],"about":[{"href":"https:\/\/editura-unibuc.ro\/en\/wp-json\/wp\/v2\/types\/product"}],"replies":[{"embeddable":true,"href":"https:\/\/editura-unibuc.ro\/en\/wp-json\/wp\/v2\/comments?post=14900"}],"wp:featuredmedia":[{"embeddable":true,"href":"https:\/\/editura-unibuc.ro\/en\/wp-json\/wp\/v2\/media\/14901"}],"wp:attachment":[{"href":"https:\/\/editura-unibuc.ro\/en\/wp-json\/wp\/v2\/media?parent=14900"}],"wp:term":[{"taxonomy":"product_brand","embeddable":true,"href":"https:\/\/editura-unibuc.ro\/en\/wp-json\/wp\/v2\/product_brand?post=14900"},{"taxonomy":"product_cat","embeddable":true,"href":"https:\/\/editura-unibuc.ro\/en\/wp-json\/wp\/v2\/product_cat?post=14900"},{"taxonomy":"product_tag","embeddable":true,"href":"https:\/\/editura-unibuc.ro\/en\/wp-json\/wp\/v2\/product_tag?post=14900"}],"curies":[{"name":"wp","href":"https:\/\/api.w.org\/{rel}","templated":true}]}}