{"id":14902,"date":"2016-02-01T16:15:36","date_gmt":"2016-02-01T14:15:36","guid":{"rendered":"https:\/\/editura-unibuc.ro\/?post_type=product&#038;p=14902"},"modified":"2026-01-22T11:22:53","modified_gmt":"2026-01-22T09:22:53","slug":"canonul-si-vocile-uitate-secvente-dintr-o-tipologie-a-gandirii-politice-romanesti","status":"publish","type":"product","link":"https:\/\/editura-unibuc.ro\/en\/canonul-si-vocile-uitate-secvente-dintr-o-tipologie-a-gandirii-politice-romanesti\/","title":{"rendered":"CANONUL \u015eI VOCILE UITATE. SECVEN\u0162E DINTR-O TIPOLOGIE A G\u00c2NDIRII POLITICE ROM\u00c2NE\u015eTI"},"content":{"rendered":"<p>Paginile de fa\u0163\u0103 au preten\u0163ia de a contribui la elaborarea unei genealogii ideologice lipsite de tenta\u0163ia partizanatului legitimator, aspir\u00e2nd s\u0103 reconstituie filia\u0163ia rom\u00e2neasc\u0103 a culturii democratice.<br \/>\nVictor RIZESCU<\/p>\n","protected":false},"excerpt":{"rendered":"<p>Paginile de fa\u0163\u0103 au preten\u0163ia de a contribui la elaborarea unei genealogii ideologice lipsite de tenta\u0163ia partizanatului legitimator, aspir\u00e2nd s\u0103 reconstituie filia\u0163ia rom\u00e2neasc\u0103 a culturii democratice. Victor RIZESCU<\/p>\n","protected":false},"featured_media":14903,"comment_status":"open","ping_status":"closed","template":"","meta":[],"product_brand":[],"product_cat":[991,995],"product_tag":[1905,1903,881,1904],"class_list":{"0":"post-14902","1":"product","2":"type-product","3":"status-publish","4":"has-post-thumbnail","6":"product_cat-stiinte-sociale","7":"product_cat-istorie-stiinte-politice","8":"product_tag-filozofie","9":"product_tag-gandire-politica-romaneasca","10":"product_tag-istorie","11":"product_tag-victor-rizescu","13":"first","14":"instock","15":"shipping-taxable","16":"purchasable","17":"product-type-simple"},"_links":{"self":[{"href":"https:\/\/editura-unibuc.ro\/en\/wp-json\/wp\/v2\/product\/14902","targetHints":{"allow":["GET"]}}],"collection":[{"href":"https:\/\/editura-unibuc.ro\/en\/wp-json\/wp\/v2\/product"}],"about":[{"href":"https:\/\/editura-unibuc.ro\/en\/wp-json\/wp\/v2\/types\/product"}],"replies":[{"embeddable":true,"href":"https:\/\/editura-unibuc.ro\/en\/wp-json\/wp\/v2\/comments?post=14902"}],"wp:featuredmedia":[{"embeddable":true,"href":"https:\/\/editura-unibuc.ro\/en\/wp-json\/wp\/v2\/media\/14903"}],"wp:attachment":[{"href":"https:\/\/editura-unibuc.ro\/en\/wp-json\/wp\/v2\/media?parent=14902"}],"wp:term":[{"taxonomy":"product_brand","embeddable":true,"href":"https:\/\/editura-unibuc.ro\/en\/wp-json\/wp\/v2\/product_brand?post=14902"},{"taxonomy":"product_cat","embeddable":true,"href":"https:\/\/editura-unibuc.ro\/en\/wp-json\/wp\/v2\/product_cat?post=14902"},{"taxonomy":"product_tag","embeddable":true,"href":"https:\/\/editura-unibuc.ro\/en\/wp-json\/wp\/v2\/product_tag?post=14902"}],"curies":[{"name":"wp","href":"https:\/\/api.w.org\/{rel}","templated":true}]}}