{"id":14906,"date":"2016-02-01T16:19:46","date_gmt":"2016-02-01T14:19:46","guid":{"rendered":"https:\/\/editura-unibuc.ro\/?post_type=product&#038;p=14906"},"modified":"2016-02-01T16:25:03","modified_gmt":"2016-02-01T14:25:03","slug":"lucrari-de-istoria-filosofiei-romanesti-vol-1","status":"publish","type":"product","link":"https:\/\/editura-unibuc.ro\/en\/lucrari-de-istoria-filosofiei-romanesti-vol-1\/","title":{"rendered":"LUCR\u0102RI DE ISTORIA FILOSOFIEI ROM\u00c2NE\u015eTI, VOL.1"},"content":{"rendered":"<p>Cartea con\u0163ine studii, eseuri \u015fi articole pe teme de filosofie rom\u00e2neasc\u0103. <\/p>","protected":false},"excerpt":{"rendered":"<p>Cartea con\u0163ine studii, eseuri \u015fi articole pe teme de filosofie rom\u00e2neasc\u0103.<\/p>\n","protected":false},"featured_media":14910,"comment_status":"open","ping_status":"closed","template":"","meta":[],"product_brand":[],"product_cat":[991,994],"product_tag":[1914,1913,921,1504,1912],"class_list":{"0":"post-14906","1":"product","2":"type-product","3":"status-publish","4":"has-post-thumbnail","6":"product_cat-stiinte-sociale","7":"product_cat-filosofie","8":"product_tag-aplicatii-hermeneutice","9":"product_tag-filosofia-culturii","10":"product_tag-filosofie","11":"product_tag-istoria-filosofiei-romanesti","12":"product_tag-viorel-cernica","14":"first","15":"instock","16":"shipping-taxable","17":"purchasable","18":"product-type-simple"},"_links":{"self":[{"href":"https:\/\/editura-unibuc.ro\/en\/wp-json\/wp\/v2\/product\/14906","targetHints":{"allow":["GET"]}}],"collection":[{"href":"https:\/\/editura-unibuc.ro\/en\/wp-json\/wp\/v2\/product"}],"about":[{"href":"https:\/\/editura-unibuc.ro\/en\/wp-json\/wp\/v2\/types\/product"}],"replies":[{"embeddable":true,"href":"https:\/\/editura-unibuc.ro\/en\/wp-json\/wp\/v2\/comments?post=14906"}],"wp:featuredmedia":[{"embeddable":true,"href":"https:\/\/editura-unibuc.ro\/en\/wp-json\/wp\/v2\/media\/14910"}],"wp:attachment":[{"href":"https:\/\/editura-unibuc.ro\/en\/wp-json\/wp\/v2\/media?parent=14906"}],"wp:term":[{"taxonomy":"product_brand","embeddable":true,"href":"https:\/\/editura-unibuc.ro\/en\/wp-json\/wp\/v2\/product_brand?post=14906"},{"taxonomy":"product_cat","embeddable":true,"href":"https:\/\/editura-unibuc.ro\/en\/wp-json\/wp\/v2\/product_cat?post=14906"},{"taxonomy":"product_tag","embeddable":true,"href":"https:\/\/editura-unibuc.ro\/en\/wp-json\/wp\/v2\/product_tag?post=14906"}],"curies":[{"name":"wp","href":"https:\/\/api.w.org\/{rel}","templated":true}]}}