{"id":14909,"date":"2016-02-01T16:20:40","date_gmt":"2016-02-01T14:20:40","guid":{"rendered":"https:\/\/editura-unibuc.ro\/produs\/lucrari-de-istoria-filosofiei-romanesti-vol-2\/"},"modified":"2016-02-01T16:24:06","modified_gmt":"2016-02-01T14:24:06","slug":"lucrari-de-istoria-filosofiei-romanesti-vol-2","status":"publish","type":"product","link":"https:\/\/editura-unibuc.ro\/en\/lucrari-de-istoria-filosofiei-romanesti-vol-2\/","title":{"rendered":"LUCR\u0102RI DE ISTORIA FILOSOFIEI ROM\u00c2NE\u015eTI, VOL.2"},"content":{"rendered":"<p>Cartea con\u0163ine studii, eseuri \u015fi articole pe teme de filosofie rom\u00e2neasc\u0103. <\/p>","protected":false},"excerpt":{"rendered":"<p>Cartea con\u0163ine studii, eseuri \u015fi articole pe teme de filosofie rom\u00e2neasc\u0103.<\/p>\n","protected":false},"featured_media":14907,"comment_status":"open","ping_status":"closed","template":"","meta":[],"product_brand":[],"product_cat":[991,994],"product_tag":[1914,1913,921,1504,1912],"class_list":{"0":"post-14909","1":"product","2":"type-product","3":"status-publish","4":"has-post-thumbnail","6":"product_cat-stiinte-sociale","7":"product_cat-filosofie","8":"product_tag-aplicatii-hermeneutice","9":"product_tag-filosofia-culturii","10":"product_tag-filosofie","11":"product_tag-istoria-filosofiei-romanesti","12":"product_tag-viorel-cernica","14":"first","15":"instock","16":"shipping-taxable","17":"purchasable","18":"product-type-simple"},"_links":{"self":[{"href":"https:\/\/editura-unibuc.ro\/en\/wp-json\/wp\/v2\/product\/14909","targetHints":{"allow":["GET"]}}],"collection":[{"href":"https:\/\/editura-unibuc.ro\/en\/wp-json\/wp\/v2\/product"}],"about":[{"href":"https:\/\/editura-unibuc.ro\/en\/wp-json\/wp\/v2\/types\/product"}],"replies":[{"embeddable":true,"href":"https:\/\/editura-unibuc.ro\/en\/wp-json\/wp\/v2\/comments?post=14909"}],"wp:featuredmedia":[{"embeddable":true,"href":"https:\/\/editura-unibuc.ro\/en\/wp-json\/wp\/v2\/media\/14907"}],"wp:attachment":[{"href":"https:\/\/editura-unibuc.ro\/en\/wp-json\/wp\/v2\/media?parent=14909"}],"wp:term":[{"taxonomy":"product_brand","embeddable":true,"href":"https:\/\/editura-unibuc.ro\/en\/wp-json\/wp\/v2\/product_brand?post=14909"},{"taxonomy":"product_cat","embeddable":true,"href":"https:\/\/editura-unibuc.ro\/en\/wp-json\/wp\/v2\/product_cat?post=14909"},{"taxonomy":"product_tag","embeddable":true,"href":"https:\/\/editura-unibuc.ro\/en\/wp-json\/wp\/v2\/product_tag?post=14909"}],"curies":[{"name":"wp","href":"https:\/\/api.w.org\/{rel}","templated":true}]}}