{"id":14911,"date":"2016-02-01T16:26:39","date_gmt":"2016-02-01T14:26:39","guid":{"rendered":"https:\/\/editura-unibuc.ro\/?post_type=product&#038;p=14911"},"modified":"2016-02-01T16:26:39","modified_gmt":"2016-02-01T14:26:39","slug":"aplicatii-ale-lexiconului-generativ-grupul-nominal","status":"publish","type":"product","link":"https:\/\/editura-unibuc.ro\/en\/aplicatii-ale-lexiconului-generativ-grupul-nominal\/","title":{"rendered":"APLICA\u0162II ALE LEXICONULUI GENERATIV: GRUPUL NOMINAL"},"content":{"rendered":"<p>Lucrarea de fa\u0163\u0103 ofer\u0103 o descriere semantico-sintactic\u0103 a grupului nominal din perspectiva teoretic\u0103 a lexiconului generativ. Analiza propus\u0103 de autoare eviden\u0163iaz\u0103 avantajele pe care le ofer\u0103 aceast\u0103 teorie pentru rafinarea descrierii organiz\u0103rii grupului nominal.<\/p>\n","protected":false},"excerpt":{"rendered":"<p>Lucrarea de fa\u0163\u0103 ofer\u0103 o descriere semantico-sintactic\u0103 a grupului nominal din perspectiva teoretic\u0103 a lexiconului generativ. Analiza propus\u0103 de autoare eviden\u0163iaz\u0103 avantajele pe care le ofer\u0103 aceast\u0103 teorie pentru rafinarea descrierii organiz\u0103rii grupului nominal.<\/p>\n","protected":false},"featured_media":14912,"comment_status":"open","ping_status":"closed","template":"","meta":[],"product_brand":[],"product_cat":[1464],"product_tag":[1919,1916,1917,1915,1918,1920],"class_list":{"0":"post-14911","1":"product","2":"type-product","3":"status-publish","4":"has-post-thumbnail","6":"product_cat-filologie","7":"product_tag-dependenti-verbali","8":"product_tag-grup-nominal","9":"product_tag-ionela-gusatu","10":"product_tag-lexicon-generativ","11":"product_tag-semantica-lexicala","12":"product_tag-unitati-nominale","14":"first","15":"instock","16":"shipping-taxable","17":"purchasable","18":"product-type-simple"},"_links":{"self":[{"href":"https:\/\/editura-unibuc.ro\/en\/wp-json\/wp\/v2\/product\/14911","targetHints":{"allow":["GET"]}}],"collection":[{"href":"https:\/\/editura-unibuc.ro\/en\/wp-json\/wp\/v2\/product"}],"about":[{"href":"https:\/\/editura-unibuc.ro\/en\/wp-json\/wp\/v2\/types\/product"}],"replies":[{"embeddable":true,"href":"https:\/\/editura-unibuc.ro\/en\/wp-json\/wp\/v2\/comments?post=14911"}],"wp:featuredmedia":[{"embeddable":true,"href":"https:\/\/editura-unibuc.ro\/en\/wp-json\/wp\/v2\/media\/14912"}],"wp:attachment":[{"href":"https:\/\/editura-unibuc.ro\/en\/wp-json\/wp\/v2\/media?parent=14911"}],"wp:term":[{"taxonomy":"product_brand","embeddable":true,"href":"https:\/\/editura-unibuc.ro\/en\/wp-json\/wp\/v2\/product_brand?post=14911"},{"taxonomy":"product_cat","embeddable":true,"href":"https:\/\/editura-unibuc.ro\/en\/wp-json\/wp\/v2\/product_cat?post=14911"},{"taxonomy":"product_tag","embeddable":true,"href":"https:\/\/editura-unibuc.ro\/en\/wp-json\/wp\/v2\/product_tag?post=14911"}],"curies":[{"name":"wp","href":"https:\/\/api.w.org\/{rel}","templated":true}]}}