{"id":14915,"date":"2016-02-01T16:30:48","date_gmt":"2016-02-01T14:30:48","guid":{"rendered":"https:\/\/editura-unibuc.ro\/?post_type=product&#038;p=14915"},"modified":"2019-10-15T11:44:39","modified_gmt":"2019-10-15T08:44:39","slug":"tipuri-de-propozitii-si-fraze-in-limba-japoneza-vol-ii","status":"publish","type":"product","link":"https:\/\/editura-unibuc.ro\/en\/tipuri-de-propozitii-si-fraze-in-limba-japoneza-vol-ii\/","title":{"rendered":"TIPURI DE PROPOZI\u0162II \u015eI FRAZE \u00ceN LIMBA JAPONEZ\u0102. VOL II."},"content":{"rendered":"<p>Lucrarea se adreseaz\u0103 studen\u0163ilor care au deja un nivel \u00eencep\u0103tor \u00een limba japonez\u0103, pantru a le extinde capacitatea de \u00een\u0163elegere \u015fi de construire a propozi\u0163iilor \u015fi frazelor \u00een diverse contexte.<\/p>\n","protected":false},"excerpt":{"rendered":"<p>Lucrarea se adreseaz\u0103 studen\u0163ilor care au deja un nivel \u00eencep\u0103tor \u00een limba japonez\u0103, pantru a le extinde capacitatea de \u00een\u0163elegere \u015fi de construire a propozi\u0163iilor \u015fi frazelor \u00een diverse contexte.<\/p>\n","protected":false},"featured_media":14916,"comment_status":"open","ping_status":"closed","template":"","meta":[],"product_brand":[],"product_cat":[1464,980],"product_tag":[1693,1924,1835,1836,1837],"class_list":{"0":"post-14915","1":"product","2":"type-product","3":"status-publish","4":"has-post-thumbnail","6":"product_cat-filologie","7":"product_cat-limbi-romanice-clasice-si-orientale","8":"product_tag-gramatica-japoneza","9":"product_tag-japanese-language-profifiency-test","10":"product_tag-limba-japoneza","11":"product_tag-ruxandra-oana-raianu","12":"product_tag-tomonari-kuroda","14":"first","15":"instock","16":"shipping-taxable","17":"purchasable","18":"product-type-simple"},"_links":{"self":[{"href":"https:\/\/editura-unibuc.ro\/en\/wp-json\/wp\/v2\/product\/14915","targetHints":{"allow":["GET"]}}],"collection":[{"href":"https:\/\/editura-unibuc.ro\/en\/wp-json\/wp\/v2\/product"}],"about":[{"href":"https:\/\/editura-unibuc.ro\/en\/wp-json\/wp\/v2\/types\/product"}],"replies":[{"embeddable":true,"href":"https:\/\/editura-unibuc.ro\/en\/wp-json\/wp\/v2\/comments?post=14915"}],"wp:featuredmedia":[{"embeddable":true,"href":"https:\/\/editura-unibuc.ro\/en\/wp-json\/wp\/v2\/media\/14916"}],"wp:attachment":[{"href":"https:\/\/editura-unibuc.ro\/en\/wp-json\/wp\/v2\/media?parent=14915"}],"wp:term":[{"taxonomy":"product_brand","embeddable":true,"href":"https:\/\/editura-unibuc.ro\/en\/wp-json\/wp\/v2\/product_brand?post=14915"},{"taxonomy":"product_cat","embeddable":true,"href":"https:\/\/editura-unibuc.ro\/en\/wp-json\/wp\/v2\/product_cat?post=14915"},{"taxonomy":"product_tag","embeddable":true,"href":"https:\/\/editura-unibuc.ro\/en\/wp-json\/wp\/v2\/product_tag?post=14915"}],"curies":[{"name":"wp","href":"https:\/\/api.w.org\/{rel}","templated":true}]}}