{"id":14921,"date":"2016-02-01T16:36:59","date_gmt":"2016-02-01T14:36:59","guid":{"rendered":"https:\/\/editura-unibuc.ro\/?post_type=product&#038;p=14921"},"modified":"2019-06-24T12:50:35","modified_gmt":"2019-06-24T09:50:35","slug":"studii-de-literatura-universala-si-comparata","status":"publish","type":"product","link":"https:\/\/editura-unibuc.ro\/en\/studii-de-literatura-universala-si-comparata\/","title":{"rendered":"STUDII DE LITERATUR\u0102 UNIVERSAL\u0102 \u015eI COMPARAT\u0102"},"content":{"rendered":"<p>Cartea reune\u015fte lucr\u0103ri pe dou\u0103 teme principale: \u201escriitorii despre arte \u015fi arti\u015fti\u201d, respectiv \u201ec\u0103r\u0163i \u015fi biblioteci\u201d.<\/p>\n","protected":false},"excerpt":{"rendered":"<p>Cartea reune\u015fte lucr\u0103ri pe dou\u0103 teme principale: \u201escriitorii despre arte \u015fi arti\u015fti\u201d, respectiv \u201ec\u0103r\u0163i \u015fi biblioteci\u201d.<\/p>\n","protected":false},"featured_media":14922,"comment_status":"open","ping_status":"closed","template":"","meta":[],"product_brand":[],"product_cat":[1464,979],"product_tag":[1938,1939,1291,1936,884,1368,1937],"class_list":{"0":"post-14921","1":"product","2":"type-product","3":"status-publish","4":"has-post-thumbnail","6":"product_cat-filologie","7":"product_cat-limba-romana","8":"product_tag-arte","9":"product_tag-artisti","10":"product_tag-biblioteci","11":"product_tag-elena-ionescu","12":"product_tag-literatura-comparata","13":"product_tag-literatura-universala","14":"product_tag-ruxandra-iordache","16":"first","17":"outofstock","18":"shipping-taxable","19":"purchasable","20":"product-type-simple"},"_links":{"self":[{"href":"https:\/\/editura-unibuc.ro\/en\/wp-json\/wp\/v2\/product\/14921","targetHints":{"allow":["GET"]}}],"collection":[{"href":"https:\/\/editura-unibuc.ro\/en\/wp-json\/wp\/v2\/product"}],"about":[{"href":"https:\/\/editura-unibuc.ro\/en\/wp-json\/wp\/v2\/types\/product"}],"replies":[{"embeddable":true,"href":"https:\/\/editura-unibuc.ro\/en\/wp-json\/wp\/v2\/comments?post=14921"}],"wp:featuredmedia":[{"embeddable":true,"href":"https:\/\/editura-unibuc.ro\/en\/wp-json\/wp\/v2\/media\/14922"}],"wp:attachment":[{"href":"https:\/\/editura-unibuc.ro\/en\/wp-json\/wp\/v2\/media?parent=14921"}],"wp:term":[{"taxonomy":"product_brand","embeddable":true,"href":"https:\/\/editura-unibuc.ro\/en\/wp-json\/wp\/v2\/product_brand?post=14921"},{"taxonomy":"product_cat","embeddable":true,"href":"https:\/\/editura-unibuc.ro\/en\/wp-json\/wp\/v2\/product_cat?post=14921"},{"taxonomy":"product_tag","embeddable":true,"href":"https:\/\/editura-unibuc.ro\/en\/wp-json\/wp\/v2\/product_tag?post=14921"}],"curies":[{"name":"wp","href":"https:\/\/api.w.org\/{rel}","templated":true}]}}