{"id":1497,"date":"2012-09-06T08:38:44","date_gmt":"2012-09-06T05:38:44","guid":{"rendered":"https:\/\/editura-unibuc.ro\/?p=1497"},"modified":"2025-08-06T14:45:55","modified_gmt":"2025-08-06T11:45:55","slug":"lucrarile-celui-de-al-doilea-simpozion-international-de-lingvistica-bucuresti-2829-noiembrie-2008","status":"publish","type":"product","link":"https:\/\/editura-unibuc.ro\/en\/lucrarile-celui-de-al-doilea-simpozion-international-de-lingvistica-bucuresti-2829-noiembrie-2008\/","title":{"rendered":"PAPERS OF THE SECOND INTERNATIONAL LINGUISTICS SYMPOSIUM. Bucharest, November 28\/29, 2008"},"content":{"rendered":"<p>Al\u0103turi de lucr\u0103rile de lingvistic\u0103 descriptiv\u0103 se reg\u0103sesc cele de lingvistic\u0103 istoric\u0103 \u0219i cele care valorific\u0103 fapte de limb\u0103 vorbit\u0103, inclusiv la nivel dialectal. Comunic\u0103rile ilustreaz\u0103 urm\u0103toarele domenii: istoria limbii, dialectologie, onomastic\u0103, lexicologie, gramatic\u0103, pragmatic\u0103, stilistic\u0103.<\/p>\n","protected":false},"excerpt":{"rendered":"<p>Al\u0103turi de lucr\u0103rile de lingvistic\u0103 descriptiv\u0103 se reg\u0103sesc cele de lingvistic\u0103 istoric\u0103 \u0219i cele care valorific\u0103 fapte de limb\u0103 vorbit\u0103, inclusiv la nivel dialectal. Comunic\u0103rile ilustreaz\u0103 urm\u0103toarele domenii: istoria limbii, dialectologie, onomastic\u0103, lexicologie, gramatic\u0103, pragmatic\u0103, stilistic\u0103.<\/p>\n","protected":false},"featured_media":11212,"comment_status":"open","ping_status":"closed","template":"","meta":[],"product_brand":[],"product_cat":[1464,979],"product_tag":[895,1390],"class_list":{"0":"post-1497","1":"product","2":"type-product","3":"status-publish","4":"has-post-thumbnail","6":"product_cat-filologie","7":"product_cat-limba-romana","8":"product_tag-lingvistica","9":"product_tag-simpozion","11":"first","12":"instock","13":"shipping-taxable","14":"purchasable","15":"product-type-simple"},"_links":{"self":[{"href":"https:\/\/editura-unibuc.ro\/en\/wp-json\/wp\/v2\/product\/1497","targetHints":{"allow":["GET"]}}],"collection":[{"href":"https:\/\/editura-unibuc.ro\/en\/wp-json\/wp\/v2\/product"}],"about":[{"href":"https:\/\/editura-unibuc.ro\/en\/wp-json\/wp\/v2\/types\/product"}],"replies":[{"embeddable":true,"href":"https:\/\/editura-unibuc.ro\/en\/wp-json\/wp\/v2\/comments?post=1497"}],"wp:featuredmedia":[{"embeddable":true,"href":"https:\/\/editura-unibuc.ro\/en\/wp-json\/wp\/v2\/media\/11212"}],"wp:attachment":[{"href":"https:\/\/editura-unibuc.ro\/en\/wp-json\/wp\/v2\/media?parent=1497"}],"wp:term":[{"taxonomy":"product_brand","embeddable":true,"href":"https:\/\/editura-unibuc.ro\/en\/wp-json\/wp\/v2\/product_brand?post=1497"},{"taxonomy":"product_cat","embeddable":true,"href":"https:\/\/editura-unibuc.ro\/en\/wp-json\/wp\/v2\/product_cat?post=1497"},{"taxonomy":"product_tag","embeddable":true,"href":"https:\/\/editura-unibuc.ro\/en\/wp-json\/wp\/v2\/product_tag?post=1497"}],"curies":[{"name":"wp","href":"https:\/\/api.w.org\/{rel}","templated":true}]}}