{"id":15008,"date":"2016-02-18T13:57:39","date_gmt":"2016-02-18T11:57:39","guid":{"rendered":"https:\/\/editura-unibuc.ro\/?post_type=product&#038;p=15008"},"modified":"2024-04-10T11:37:20","modified_gmt":"2024-04-10T08:37:20","slug":"plati-si-operatiuni-bancare","status":"publish","type":"product","link":"https:\/\/editura-unibuc.ro\/en\/plati-si-operatiuni-bancare\/","title":{"rendered":"PL\u0102\u0162I \u015eI OPERA\u0162IUNI BANCARE"},"content":{"rendered":"<p>\u00cen aceast\u0103 lucrare sunt aduse \u00een prim-plan evolu\u0163iile recente ale func\u0163iunii de opera\u0163iuni \u015fi ale sistemelor de pl\u0103\u0163i din Europa \u015fi Rom\u00e2nia. <\/p>","protected":false},"excerpt":{"rendered":"<p>\u00cen aceast\u0103 lucrare sunt aduse \u00een prim-plan evolu\u0163iile recente ale func\u0163iunii de opera\u0163iuni \u015fi ale sistemelor de pl\u0103\u0163i din Europa \u015fi Rom\u00e2nia.<\/p>\n","protected":false},"featured_media":15009,"comment_status":"open","ping_status":"closed","template":"","meta":[],"product_brand":[],"product_cat":[991,992],"product_tag":[1956,1066,1958,1959,1955,1960,1957],"class_list":{"0":"post-15008","1":"product","2":"type-product","3":"status-publish","4":"has-post-thumbnail","6":"product_cat-stiinte-sociale","7":"product_cat-administratie-si-afaceri","8":"product_tag-camelia-mariana-cojocaru","9":"product_tag-economie","10":"product_tag-finante","11":"product_tag-instrumente-de-plata","12":"product_tag-plati-si-operatiuni-bancare","13":"product_tag-risc","14":"product_tag-sistemer-de-plati","16":"first","17":"instock","18":"shipping-taxable","19":"purchasable","20":"product-type-simple"},"_links":{"self":[{"href":"https:\/\/editura-unibuc.ro\/en\/wp-json\/wp\/v2\/product\/15008","targetHints":{"allow":["GET"]}}],"collection":[{"href":"https:\/\/editura-unibuc.ro\/en\/wp-json\/wp\/v2\/product"}],"about":[{"href":"https:\/\/editura-unibuc.ro\/en\/wp-json\/wp\/v2\/types\/product"}],"replies":[{"embeddable":true,"href":"https:\/\/editura-unibuc.ro\/en\/wp-json\/wp\/v2\/comments?post=15008"}],"wp:featuredmedia":[{"embeddable":true,"href":"https:\/\/editura-unibuc.ro\/en\/wp-json\/wp\/v2\/media\/15009"}],"wp:attachment":[{"href":"https:\/\/editura-unibuc.ro\/en\/wp-json\/wp\/v2\/media?parent=15008"}],"wp:term":[{"taxonomy":"product_brand","embeddable":true,"href":"https:\/\/editura-unibuc.ro\/en\/wp-json\/wp\/v2\/product_brand?post=15008"},{"taxonomy":"product_cat","embeddable":true,"href":"https:\/\/editura-unibuc.ro\/en\/wp-json\/wp\/v2\/product_cat?post=15008"},{"taxonomy":"product_tag","embeddable":true,"href":"https:\/\/editura-unibuc.ro\/en\/wp-json\/wp\/v2\/product_tag?post=15008"}],"curies":[{"name":"wp","href":"https:\/\/api.w.org\/{rel}","templated":true}]}}