{"id":15010,"date":"2016-02-18T14:00:04","date_gmt":"2016-02-18T12:00:04","guid":{"rendered":"https:\/\/editura-unibuc.ro\/?post_type=product&#038;p=15010"},"modified":"2019-10-23T15:21:42","modified_gmt":"2019-10-23T12:21:42","slug":"aplicatii-mpi-pentru-sisteme-de-calcul-paralel-indrumator-de-laborator","status":"publish","type":"product","link":"https:\/\/editura-unibuc.ro\/en\/aplicatii-mpi-pentru-sisteme-de-calcul-paralel-indrumator-de-laborator\/","title":{"rendered":"APLICATII MPI PENTRU SISTEME DE CALCUL PARALEL. \u00ceNDRUM\u0102TOR DE LABORATOR"},"content":{"rendered":"<p>\u00cendrum\u0103torul de laborator se adreseaz\u0103 studen\u0163ilor care urmeaz\u0103 cursul \u201eArhitectura sistemelor de calcul paralel\u201d. Pe l\u00e2ng\u0103 no\u0163iunile teoretice legate de programarea paralel\u0103 \u00een mediul Unix folosind procese, fire de execu\u0163ie \u015fi canale de comunicare de tip pipe \u015fi socket, sunt prezentate, \u00eentr-un format didactic, exemple func\u0163ionale care ajut\u0103 la aprofundarea \u015fi sistematizarea conceptelor necesare.<\/p>\n","protected":false},"excerpt":{"rendered":"<p>\u00cendrum\u0103torul de laborator se adreseaz\u0103 studen\u0163ilor care urmeaz\u0103 cursul \u201eArhitectura sistemelor de calcul paralel\u201d. Pe l\u00e2ng\u0103 no\u0163iunile teoretice legate de programarea paralel\u0103 \u00een mediul Unix folosind procese, fire de execu\u0163ie \u015fi canale de comunicare de tip pipe \u015fi socket, sunt prezentate, \u00eentr-un format didactic, exemple func\u0163ionale care ajut\u0103 la aprofundarea \u015fi sistematizarea conceptelor necesare.<\/p>\n","protected":false},"featured_media":15011,"comment_status":"open","ping_status":"closed","template":"","meta":[],"product_brand":[],"product_cat":[982,985],"product_tag":[1961,1962],"class_list":{"0":"post-15010","1":"product","2":"type-product","3":"status-publish","4":"has-post-thumbnail","6":"product_cat-stiinte-exacte","7":"product_cat-informatica","8":"product_tag-aplicatii-mpi","9":"product_tag-sisteme-de-calcul","11":"first","12":"instock","13":"shipping-taxable","14":"purchasable","15":"product-type-simple"},"_links":{"self":[{"href":"https:\/\/editura-unibuc.ro\/en\/wp-json\/wp\/v2\/product\/15010","targetHints":{"allow":["GET"]}}],"collection":[{"href":"https:\/\/editura-unibuc.ro\/en\/wp-json\/wp\/v2\/product"}],"about":[{"href":"https:\/\/editura-unibuc.ro\/en\/wp-json\/wp\/v2\/types\/product"}],"replies":[{"embeddable":true,"href":"https:\/\/editura-unibuc.ro\/en\/wp-json\/wp\/v2\/comments?post=15010"}],"wp:featuredmedia":[{"embeddable":true,"href":"https:\/\/editura-unibuc.ro\/en\/wp-json\/wp\/v2\/media\/15011"}],"wp:attachment":[{"href":"https:\/\/editura-unibuc.ro\/en\/wp-json\/wp\/v2\/media?parent=15010"}],"wp:term":[{"taxonomy":"product_brand","embeddable":true,"href":"https:\/\/editura-unibuc.ro\/en\/wp-json\/wp\/v2\/product_brand?post=15010"},{"taxonomy":"product_cat","embeddable":true,"href":"https:\/\/editura-unibuc.ro\/en\/wp-json\/wp\/v2\/product_cat?post=15010"},{"taxonomy":"product_tag","embeddable":true,"href":"https:\/\/editura-unibuc.ro\/en\/wp-json\/wp\/v2\/product_tag?post=15010"}],"curies":[{"name":"wp","href":"https:\/\/api.w.org\/{rel}","templated":true}]}}