{"id":15016,"date":"2016-02-18T14:09:11","date_gmt":"2016-02-18T12:09:11","guid":{"rendered":"https:\/\/editura-unibuc.ro\/?post_type=product&#038;p=15016"},"modified":"2024-04-10T12:05:17","modified_gmt":"2024-04-10T09:05:17","slug":"imagini-ale-rusiei-la-andrei-makine","status":"publish","type":"product","link":"https:\/\/editura-unibuc.ro\/en\/imagini-ale-rusiei-la-andrei-makine\/","title":{"rendered":"IMAGINI ALE RUSIEI LA ANDREI MAKINE"},"content":{"rendered":"<p>\u00cen cartea de fa\u0163\u0103 se propune un nou mod de a lectura scrierile lui Makrine pentru a surprinde din c\u00e2t mai multe unghiuri profiluri ale \u0163\u0103rii natale. \u00cen acest scop au fost analizate cele \u015faisprezece titluri semnate Andrei Makrine, dintre care dou\u0103sprezece au fost traduse \u00een limba rom\u00e2n\u0103, dar \u015fi trei din cele patru lucr\u0103ri semnate sub pseudonimul Gabriel Osmonde.<\/p>\n","protected":false},"excerpt":{"rendered":"<p>\u00cen cartea de fa\u0163\u0103 se propune un nou mod de a lectura scrierile lui Makrine pentru a surprinde din c\u00e2t mai multe unghiuri profiluri ale \u0163\u0103rii natale. \u00cen acest scop au fost analizate cele \u015faisprezece titluri semnate Andrei Makrine, dintre care dou\u0103sprezece au fost traduse \u00een limba rom\u00e2n\u0103, dar \u015fi trei din cele patru lucr\u0103ri [&hellip;]<\/p>\n","protected":false},"featured_media":15017,"comment_status":"open","ping_status":"closed","template":"","meta":[],"product_brand":[],"product_cat":[1531,1471,1464,979],"product_tag":[1970,1973,1971,1972,1729],"class_list":{"0":"post-15016","1":"product","2":"type-product","3":"status-publish","4":"has-post-thumbnail","6":"product_cat-colectii","7":"product_cat-colectia-teze-de-doctorat","8":"product_cat-filologie","9":"product_cat-limba-romana","10":"product_tag-andrei-makine","11":"product_tag-gabriel-osmonde","12":"product_tag-ionela-barbuceanu","13":"product_tag-personaje-feminine","14":"product_tag-rusia","16":"first","17":"instock","18":"shipping-taxable","19":"purchasable","20":"product-type-simple"},"_links":{"self":[{"href":"https:\/\/editura-unibuc.ro\/en\/wp-json\/wp\/v2\/product\/15016","targetHints":{"allow":["GET"]}}],"collection":[{"href":"https:\/\/editura-unibuc.ro\/en\/wp-json\/wp\/v2\/product"}],"about":[{"href":"https:\/\/editura-unibuc.ro\/en\/wp-json\/wp\/v2\/types\/product"}],"replies":[{"embeddable":true,"href":"https:\/\/editura-unibuc.ro\/en\/wp-json\/wp\/v2\/comments?post=15016"}],"wp:featuredmedia":[{"embeddable":true,"href":"https:\/\/editura-unibuc.ro\/en\/wp-json\/wp\/v2\/media\/15017"}],"wp:attachment":[{"href":"https:\/\/editura-unibuc.ro\/en\/wp-json\/wp\/v2\/media?parent=15016"}],"wp:term":[{"taxonomy":"product_brand","embeddable":true,"href":"https:\/\/editura-unibuc.ro\/en\/wp-json\/wp\/v2\/product_brand?post=15016"},{"taxonomy":"product_cat","embeddable":true,"href":"https:\/\/editura-unibuc.ro\/en\/wp-json\/wp\/v2\/product_cat?post=15016"},{"taxonomy":"product_tag","embeddable":true,"href":"https:\/\/editura-unibuc.ro\/en\/wp-json\/wp\/v2\/product_tag?post=15016"}],"curies":[{"name":"wp","href":"https:\/\/api.w.org\/{rel}","templated":true}]}}