{"id":15020,"date":"2016-02-18T14:14:25","date_gmt":"2016-02-18T12:14:25","guid":{"rendered":"https:\/\/editura-unibuc.ro\/?post_type=product&#038;p=15020"},"modified":"2024-09-11T09:10:32","modified_gmt":"2024-09-11T06:10:32","slug":"introducere-in-studiul-limbii-medio-egiptene","status":"publish","type":"product","link":"https:\/\/editura-unibuc.ro\/en\/introducere-in-studiul-limbii-medio-egiptene\/","title":{"rendered":"INTRODUCERE \u00ceN STUDIUL LIMBII MEDIO-EGIPTENE"},"content":{"rendered":"<p>\u201cIntroducere \u00een studiul limbii medio-egiptene\u201d este prima sintez\u0103 egiptologic\u0103 din literatura de specialitate rom\u00e2neasc\u0103.<\/p>\n","protected":false},"excerpt":{"rendered":"<p>\u201cIntroducere \u00een studiul limbii medio-egiptene\u201d este prima sintez\u0103 egiptologic\u0103 din literatura de specialitate rom\u00e2neasc\u0103.<\/p>\n","protected":false},"featured_media":15021,"comment_status":"open","ping_status":"closed","template":"","meta":[],"product_brand":[],"product_cat":[3610,1464,980],"product_tag":[868,1982,1980,1981],"class_list":{"0":"post-15020","1":"product","2":"type-product","3":"status-publish","4":"has-post-thumbnail","6":"product_cat-studii-de-egiptologie","7":"product_cat-filologie","8":"product_cat-limbi-romanice-clasice-si-orientale","9":"product_tag-egiptologie","10":"product_tag-hieroglife","11":"product_tag-limba-medio-egipteana","12":"product_tag-miron-ciho","14":"first","15":"instock","16":"shipping-taxable","17":"product-type-simple"},"_links":{"self":[{"href":"https:\/\/editura-unibuc.ro\/en\/wp-json\/wp\/v2\/product\/15020","targetHints":{"allow":["GET"]}}],"collection":[{"href":"https:\/\/editura-unibuc.ro\/en\/wp-json\/wp\/v2\/product"}],"about":[{"href":"https:\/\/editura-unibuc.ro\/en\/wp-json\/wp\/v2\/types\/product"}],"replies":[{"embeddable":true,"href":"https:\/\/editura-unibuc.ro\/en\/wp-json\/wp\/v2\/comments?post=15020"}],"wp:featuredmedia":[{"embeddable":true,"href":"https:\/\/editura-unibuc.ro\/en\/wp-json\/wp\/v2\/media\/15021"}],"wp:attachment":[{"href":"https:\/\/editura-unibuc.ro\/en\/wp-json\/wp\/v2\/media?parent=15020"}],"wp:term":[{"taxonomy":"product_brand","embeddable":true,"href":"https:\/\/editura-unibuc.ro\/en\/wp-json\/wp\/v2\/product_brand?post=15020"},{"taxonomy":"product_cat","embeddable":true,"href":"https:\/\/editura-unibuc.ro\/en\/wp-json\/wp\/v2\/product_cat?post=15020"},{"taxonomy":"product_tag","embeddable":true,"href":"https:\/\/editura-unibuc.ro\/en\/wp-json\/wp\/v2\/product_tag?post=15020"}],"curies":[{"name":"wp","href":"https:\/\/api.w.org\/{rel}","templated":true}]}}