{"id":15027,"date":"2016-02-18T14:35:51","date_gmt":"2016-02-18T12:35:51","guid":{"rendered":"https:\/\/editura-unibuc.ro\/?post_type=product&#038;p=15027"},"modified":"2025-08-08T13:24:06","modified_gmt":"2025-08-08T10:24:06","slug":"studii-privind-magia-egipteana-antica","status":"publish","type":"product","link":"https:\/\/editura-unibuc.ro\/en\/studii-privind-magia-egipteana-antica\/","title":{"rendered":"STUDII PRIVIND MAGIA EGIPTEAN\u0102 ANTIC\u0102"},"content":{"rendered":"<p>Prezentul volum se adreseaz\u0103 \u00eenainte de toate studen\u0163ilor anilor I, II \u015fi III din cadrul facult\u0103\u0163ii de Istorie a Universit\u0103\u0163ii din Bucure\u0219ti, mai ales acelora care au frecventat \u015fi frecventeaz\u0103 modulul \u201eCiviliza\u0163ia faraonic\u0103\u201c, precum cursurile de \u201eLimb\u0103 egiptean\u0103 antic\u0103\u201c \u015fi  Paleografie egiptean\u0103 antic\u0103\u201c.<\/p>","protected":false},"excerpt":{"rendered":"<p>Prezentul volum se adreseaz\u0103 \u00eenainte de toate studen\u0163ilor anilor I, II \u015fi III din cadrul facult\u0103\u0163ii de Istorie a Universit\u0103\u0163ii din Bucure\u0219ti, mai ales acelora care au frecventat \u015fi frecventeaz\u0103 modulul \u201eCiviliza\u0163ia faraonic\u0103\u201c, precum cursurile de \u201eLimb\u0103 egiptean\u0103 antic\u0103\u201c \u015fi Paleografie egiptean\u0103 antic\u0103\u201c.<\/p>\n","protected":false},"featured_media":15028,"comment_status":"open","ping_status":"closed","template":"","meta":[],"product_brand":[],"product_cat":[1464,980],"product_tag":[942,868,1981],"class_list":{"0":"post-15027","1":"product","2":"type-product","3":"status-publish","4":"has-post-thumbnail","6":"product_cat-filologie","7":"product_cat-limbi-romanice-clasice-si-orientale","8":"product_tag-antichitate","9":"product_tag-egiptologie","10":"product_tag-miron-ciho","12":"first","13":"instock","14":"shipping-taxable","15":"purchasable","16":"product-type-simple"},"_links":{"self":[{"href":"https:\/\/editura-unibuc.ro\/en\/wp-json\/wp\/v2\/product\/15027","targetHints":{"allow":["GET"]}}],"collection":[{"href":"https:\/\/editura-unibuc.ro\/en\/wp-json\/wp\/v2\/product"}],"about":[{"href":"https:\/\/editura-unibuc.ro\/en\/wp-json\/wp\/v2\/types\/product"}],"replies":[{"embeddable":true,"href":"https:\/\/editura-unibuc.ro\/en\/wp-json\/wp\/v2\/comments?post=15027"}],"wp:featuredmedia":[{"embeddable":true,"href":"https:\/\/editura-unibuc.ro\/en\/wp-json\/wp\/v2\/media\/15028"}],"wp:attachment":[{"href":"https:\/\/editura-unibuc.ro\/en\/wp-json\/wp\/v2\/media?parent=15027"}],"wp:term":[{"taxonomy":"product_brand","embeddable":true,"href":"https:\/\/editura-unibuc.ro\/en\/wp-json\/wp\/v2\/product_brand?post=15027"},{"taxonomy":"product_cat","embeddable":true,"href":"https:\/\/editura-unibuc.ro\/en\/wp-json\/wp\/v2\/product_cat?post=15027"},{"taxonomy":"product_tag","embeddable":true,"href":"https:\/\/editura-unibuc.ro\/en\/wp-json\/wp\/v2\/product_tag?post=15027"}],"curies":[{"name":"wp","href":"https:\/\/api.w.org\/{rel}","templated":true}]}}