{"id":15153,"date":"2016-03-04T12:49:49","date_gmt":"2016-03-04T10:49:49","guid":{"rendered":"https:\/\/editura-unibuc.ro\/?post_type=product&#038;p=15153"},"modified":"2017-09-22T10:22:01","modified_gmt":"2017-09-22T07:22:01","slug":"strategii-de-comunicare-augmentativa-si-alternativa-pentru-copiii-nonverbali","status":"publish","type":"product","link":"https:\/\/editura-unibuc.ro\/en\/strategii-de-comunicare-augmentativa-si-alternativa-pentru-copiii-nonverbali\/","title":{"rendered":"STRATEGII DE COMUNICARE AUGMENTATIV\u0102 \u015eI ALTERNATIV\u0102 PENTRU COPIII NONVERBALI"},"content":{"rendered":"<p>\u00cen prima parte a lucr\u0103rii de fa\u0163\u0103 este abordat\u0103 problematica general\u0103 a limbajului \u015fi comunic\u0103rii \u015fi se eviden\u0163iaz\u0103 tipurile \u015fi func\u0163iile limbajului \u015fi ale comunic\u0103rii. \u00cen partea a doua a lucr\u0103rii sunt aduse \u00een centrul aten\u0163iei dou\u0103 probleme principale: prioectarea interven\u0163iei educativ-terapeutice-compensatorii prin comunicarea augmentativ\u0103 \u015fi stabilirea strategiilor de interven\u0163ie prin aceste mijloace de comunicare \u00een cazul elevilor cu dizabilit\u0103\u0163i de limbaj \u015fi comunicare.  <\/p>\n","protected":false},"excerpt":{"rendered":"<p>\u00cen prima parte a lucr\u0103rii de fa\u0163\u0103 este abordat\u0103 problematica general\u0103 a limbajului \u015fi comunic\u0103rii \u015fi se eviden\u0163iaz\u0103 tipurile \u015fi func\u0163iile limbajului \u015fi ale comunic\u0103rii. \u00cen partea a doua a lucr\u0103rii sunt aduse \u00een centrul aten\u0163iei dou\u0103 probleme principale: prioectarea interven\u0163iei educativ-terapeutice-compensatorii prin comunicarea augmentativ\u0103 \u015fi stabilirea strategiilor de interven\u0163ie prin aceste mijloace de comunicare [&hellip;]<\/p>\n","protected":false},"featured_media":15154,"comment_status":"open","ping_status":"closed","template":"","meta":[],"product_brand":[],"product_cat":[991,997],"product_tag":[1202,1999,1170,1998,1997],"class_list":{"0":"post-15153","1":"product","2":"type-product","3":"status-publish","4":"has-post-thumbnail","6":"product_cat-stiinte-sociale","7":"product_cat-psihologie-stiintele-educatiei-si-pedagogie","8":"product_tag-comunicare","9":"product_tag-copii","10":"product_tag-educatie","11":"product_tag-limbaj","12":"product_tag-logopedie","14":"first","15":"outofstock","16":"shipping-taxable","17":"purchasable","18":"product-type-simple"},"_links":{"self":[{"href":"https:\/\/editura-unibuc.ro\/en\/wp-json\/wp\/v2\/product\/15153","targetHints":{"allow":["GET"]}}],"collection":[{"href":"https:\/\/editura-unibuc.ro\/en\/wp-json\/wp\/v2\/product"}],"about":[{"href":"https:\/\/editura-unibuc.ro\/en\/wp-json\/wp\/v2\/types\/product"}],"replies":[{"embeddable":true,"href":"https:\/\/editura-unibuc.ro\/en\/wp-json\/wp\/v2\/comments?post=15153"}],"wp:featuredmedia":[{"embeddable":true,"href":"https:\/\/editura-unibuc.ro\/en\/wp-json\/wp\/v2\/media\/15154"}],"wp:attachment":[{"href":"https:\/\/editura-unibuc.ro\/en\/wp-json\/wp\/v2\/media?parent=15153"}],"wp:term":[{"taxonomy":"product_brand","embeddable":true,"href":"https:\/\/editura-unibuc.ro\/en\/wp-json\/wp\/v2\/product_brand?post=15153"},{"taxonomy":"product_cat","embeddable":true,"href":"https:\/\/editura-unibuc.ro\/en\/wp-json\/wp\/v2\/product_cat?post=15153"},{"taxonomy":"product_tag","embeddable":true,"href":"https:\/\/editura-unibuc.ro\/en\/wp-json\/wp\/v2\/product_tag?post=15153"}],"curies":[{"name":"wp","href":"https:\/\/api.w.org\/{rel}","templated":true}]}}