{"id":15155,"date":"2016-03-04T12:52:44","date_gmt":"2016-03-04T10:52:44","guid":{"rendered":"https:\/\/editura-unibuc.ro\/?post_type=product&#038;p=15155"},"modified":"2019-02-28T10:21:28","modified_gmt":"2019-02-28T08:21:28","slug":"60-de-ani-in-universitate-o-carte-dedicata-profesorului-mircea-flonta-vol-1","status":"publish","type":"product","link":"https:\/\/editura-unibuc.ro\/en\/60-de-ani-in-universitate-o-carte-dedicata-profesorului-mircea-flonta-vol-1\/","title":{"rendered":"60 DE ANI \u00ceN UNIVERSITATE. O CARTE DEDICAT\u0102 PROFESORULUI MIRCEA FLONTA. VOL 1"},"content":{"rendered":"<p>Acest volum este un omagiu adus profesorului Mircea Flonta de c\u0103tre genera\u0163ii \u00eentregi de absolven\u0163i ai Facult\u0103\u0163ii de Filosofie a Universit\u0103\u0163ii din Bucure\u015fti.<\/p>\n","protected":false},"excerpt":{"rendered":"<p>Acest volum este un omagiu adus profesorului Mircea Flonta de c\u0103tre genera\u0163ii \u00eentregi de absolven\u0163i ai Facult\u0103\u0163ii de Filosofie a Universit\u0103\u0163ii din Bucure\u015fti.<\/p>\n","protected":false},"featured_media":15156,"comment_status":"open","ping_status":"closed","template":"","meta":[],"product_brand":[],"product_cat":[991,994],"product_tag":[1013,921,960,2000,2001],"class_list":{"0":"post-15155","1":"product","2":"type-product","3":"status-publish","4":"has-post-thumbnail","6":"product_cat-stiinte-sociale","7":"product_cat-filosofie","8":"product_tag-cunoastere","9":"product_tag-filosofie","10":"product_tag-metafizica","11":"product_tag-mircea-dumitru","12":"product_tag-mircea-flonta","14":"first","15":"instock","16":"shipping-taxable","17":"purchasable","18":"product-type-simple"},"_links":{"self":[{"href":"https:\/\/editura-unibuc.ro\/en\/wp-json\/wp\/v2\/product\/15155","targetHints":{"allow":["GET"]}}],"collection":[{"href":"https:\/\/editura-unibuc.ro\/en\/wp-json\/wp\/v2\/product"}],"about":[{"href":"https:\/\/editura-unibuc.ro\/en\/wp-json\/wp\/v2\/types\/product"}],"replies":[{"embeddable":true,"href":"https:\/\/editura-unibuc.ro\/en\/wp-json\/wp\/v2\/comments?post=15155"}],"wp:featuredmedia":[{"embeddable":true,"href":"https:\/\/editura-unibuc.ro\/en\/wp-json\/wp\/v2\/media\/15156"}],"wp:attachment":[{"href":"https:\/\/editura-unibuc.ro\/en\/wp-json\/wp\/v2\/media?parent=15155"}],"wp:term":[{"taxonomy":"product_brand","embeddable":true,"href":"https:\/\/editura-unibuc.ro\/en\/wp-json\/wp\/v2\/product_brand?post=15155"},{"taxonomy":"product_cat","embeddable":true,"href":"https:\/\/editura-unibuc.ro\/en\/wp-json\/wp\/v2\/product_cat?post=15155"},{"taxonomy":"product_tag","embeddable":true,"href":"https:\/\/editura-unibuc.ro\/en\/wp-json\/wp\/v2\/product_tag?post=15155"}],"curies":[{"name":"wp","href":"https:\/\/api.w.org\/{rel}","templated":true}]}}