{"id":1517,"date":"2012-09-06T09:34:39","date_gmt":"2012-09-06T06:34:39","guid":{"rendered":"https:\/\/editura-unibuc.ro\/?p=1517"},"modified":"2025-08-06T12:09:25","modified_gmt":"2025-08-06T09:09:25","slug":"elemente-nomade-in-protoistoria-israelului","status":"publish","type":"product","link":"https:\/\/editura-unibuc.ro\/en\/elemente-nomade-in-protoistoria-israelului\/","title":{"rendered":"VAGRANT ELEMENTS IN ISRAEL\u2019S PROTOHISTORY"},"content":{"rendered":"<p>\u201eM-a atras spre aceast\u0103 tem\u0103 paradoxul c\u0103 tocmai oamenii de condi\u021bie modest\u0103 precum nomazii au constituit parte integrant\u0103 dintr-un popor cu care Dumnezeu a intrat \u00een contact \u00eentr-o form\u0103 deosebit\u0103. La originile credin\u021bei noastre de acum stau \u0219i acele elemente, mai mult sau mai pu\u021bin evidente, aduse de ace\u0219tia[&#8230;]\u201d<\/p>\n","protected":false},"excerpt":{"rendered":"<p>\u201eM-a atras spre aceast\u0103 tem\u0103 paradoxul c\u0103 tocmai oamenii de condi\u021bie modest\u0103 precum nomazii au constituit parte integrant\u0103 dintr-un popor cu care Dumnezeu a intrat \u00een contact \u00eentr-o form\u0103 deosebit\u0103. La originile credin\u021bei noastre de acum stau \u0219i acele elemente, mai mult sau mai pu\u021bin evidente, aduse de ace\u0219tia[&#8230;]\u201d<\/p>\n","protected":false},"featured_media":11201,"comment_status":"open","ping_status":"closed","template":"","meta":[],"product_brand":[],"product_cat":[991,995],"product_tag":[1389,881],"class_list":{"0":"post-1517","1":"product","2":"type-product","3":"status-publish","4":"has-post-thumbnail","6":"product_cat-stiinte-sociale","7":"product_cat-istorie-stiinte-politice","8":"product_tag-israel","9":"product_tag-istorie","11":"first","12":"instock","13":"shipping-taxable","14":"purchasable","15":"product-type-simple"},"_links":{"self":[{"href":"https:\/\/editura-unibuc.ro\/en\/wp-json\/wp\/v2\/product\/1517","targetHints":{"allow":["GET"]}}],"collection":[{"href":"https:\/\/editura-unibuc.ro\/en\/wp-json\/wp\/v2\/product"}],"about":[{"href":"https:\/\/editura-unibuc.ro\/en\/wp-json\/wp\/v2\/types\/product"}],"replies":[{"embeddable":true,"href":"https:\/\/editura-unibuc.ro\/en\/wp-json\/wp\/v2\/comments?post=1517"}],"wp:featuredmedia":[{"embeddable":true,"href":"https:\/\/editura-unibuc.ro\/en\/wp-json\/wp\/v2\/media\/11201"}],"wp:attachment":[{"href":"https:\/\/editura-unibuc.ro\/en\/wp-json\/wp\/v2\/media?parent=1517"}],"wp:term":[{"taxonomy":"product_brand","embeddable":true,"href":"https:\/\/editura-unibuc.ro\/en\/wp-json\/wp\/v2\/product_brand?post=1517"},{"taxonomy":"product_cat","embeddable":true,"href":"https:\/\/editura-unibuc.ro\/en\/wp-json\/wp\/v2\/product_cat?post=1517"},{"taxonomy":"product_tag","embeddable":true,"href":"https:\/\/editura-unibuc.ro\/en\/wp-json\/wp\/v2\/product_tag?post=1517"}],"curies":[{"name":"wp","href":"https:\/\/api.w.org\/{rel}","templated":true}]}}