{"id":1522,"date":"2012-09-06T09:52:30","date_gmt":"2012-09-06T06:52:30","guid":{"rendered":"https:\/\/editura-unibuc.ro\/?p=1522"},"modified":"2025-08-07T10:49:46","modified_gmt":"2025-08-07T07:49:46","slug":"revista-de-filozofie-analitica-vol-ii-nr-2-iulie-decembrie-2008","status":"publish","type":"product","link":"https:\/\/editura-unibuc.ro\/en\/revista-de-filozofie-analitica-vol-ii-nr-2-iulie-decembrie-2008\/","title":{"rendered":"Analytical Philosophy Review, vol.II, no. 2, July \u2013 December 2008"},"content":{"rendered":"<p>Din sumar: Cornel Popa \u2013 Teoria descrip\u021biei \u0219i limbajul logicilor modale mixte; Dragan Stoianovici \u2013 J.S.Mill \u0219i filosofia silogismului; John Skorupski \u2013 Liberalismul ca g\u00e2ndire liber\u0103; Ioan Lucian Muntean \u2013 Unificare \u0219i explica\u021bie \u00een teoriile Kaluza-Klein; Walther Prager \u2013 Caracterul explicativ al \u00eentrebarii socratice \u201eCe este F\u201d?; Interviu &#8211; Gabriel Sandu: \u201eMi se pare c\u0103 distan\u021ba care separ\u0103 Rom\u00e2nia de \u021b\u0103rile cu departamente de top \u00een filosofia analitic\u0103 se mic\u0219oreaz\u0103 tot mai mult\u201d.<\/p>\n","protected":false},"excerpt":{"rendered":"<p>Din sumar: Cornel Popa \u2013 Teoria descrip\u021biei \u0219i limbajul logicilor modale mixte; Dragan Stoianovici \u2013 J.S.Mill \u0219i filosofia silogismului; John Skorupski \u2013 Liberalismul ca g\u00e2ndire liber\u0103; Ioan Lucian Muntean \u2013 Unificare \u0219i explica\u021bie \u00een teoriile Kaluza-Klein; Walther Prager \u2013 Caracterul explicativ al \u00eentrebarii socratice \u201eCe este F\u201d?; Interviu &#8211; Gabriel Sandu: \u201eMi se pare c\u0103 [&hellip;]<\/p>\n","protected":false},"featured_media":11198,"comment_status":"open","ping_status":"closed","template":"","meta":[],"product_brand":[],"product_cat":[1469,1893,991,994],"product_tag":[921],"class_list":{"0":"post-1522","1":"product","2":"type-product","3":"status-publish","4":"has-post-thumbnail","6":"product_cat-periodice","7":"product_cat-reviste-academice","8":"product_cat-stiinte-sociale","9":"product_cat-filosofie","10":"product_tag-filosofie","12":"first","13":"outofstock","14":"purchasable","15":"product-type-simple"},"_links":{"self":[{"href":"https:\/\/editura-unibuc.ro\/en\/wp-json\/wp\/v2\/product\/1522","targetHints":{"allow":["GET"]}}],"collection":[{"href":"https:\/\/editura-unibuc.ro\/en\/wp-json\/wp\/v2\/product"}],"about":[{"href":"https:\/\/editura-unibuc.ro\/en\/wp-json\/wp\/v2\/types\/product"}],"replies":[{"embeddable":true,"href":"https:\/\/editura-unibuc.ro\/en\/wp-json\/wp\/v2\/comments?post=1522"}],"wp:featuredmedia":[{"embeddable":true,"href":"https:\/\/editura-unibuc.ro\/en\/wp-json\/wp\/v2\/media\/11198"}],"wp:attachment":[{"href":"https:\/\/editura-unibuc.ro\/en\/wp-json\/wp\/v2\/media?parent=1522"}],"wp:term":[{"taxonomy":"product_brand","embeddable":true,"href":"https:\/\/editura-unibuc.ro\/en\/wp-json\/wp\/v2\/product_brand?post=1522"},{"taxonomy":"product_cat","embeddable":true,"href":"https:\/\/editura-unibuc.ro\/en\/wp-json\/wp\/v2\/product_cat?post=1522"},{"taxonomy":"product_tag","embeddable":true,"href":"https:\/\/editura-unibuc.ro\/en\/wp-json\/wp\/v2\/product_tag?post=1522"}],"curies":[{"name":"wp","href":"https:\/\/api.w.org\/{rel}","templated":true}]}}