{"id":15348,"date":"2016-03-31T15:58:12","date_gmt":"2016-03-31T12:58:12","guid":{"rendered":"https:\/\/editura-unibuc.ro\/?post_type=product&#038;p=15348"},"modified":"2025-08-08T12:19:28","modified_gmt":"2025-08-08T09:19:28","slug":"motivarea-formala-a-relatiilor-semantice-sinonimia-analizabila","status":"publish","type":"product","link":"https:\/\/editura-unibuc.ro\/en\/motivarea-formala-a-relatiilor-semantice-sinonimia-analizabila\/","title":{"rendered":"MOTIVAREA FORMAL\u0102 A RELA\u0162IILOR SEMANTICE. SINONIMIA ANALIZABIL\u0102"},"content":{"rendered":"<p>Subiectul analizei detaliate care urmeaz\u0103 \u00eel constituie sinonimia analizabil\u0103, fiind urm\u0103rite cu prec\u0103dere urm\u0103toarele aspecte: clasificarea etimologic\u0103, clasificarea semantic\u0103, respectiv rela\u0163ia cu alte rela\u0163ii semantice, \u00een primul rand cu paronimia \u015fi cu omonimia etimologic\u0103.<\/p>\n","protected":false},"excerpt":{"rendered":"<p>Subiectul analizei detaliate care urmeaz\u0103 \u00eel constituie sinonimia analizabil\u0103, fiind urm\u0103rite cu prec\u0103dere urm\u0103toarele aspecte: clasificarea etimologic\u0103, clasificarea semantic\u0103, respectiv rela\u0163ia cu alte rela\u0163ii semantice, \u00een primul rand cu paronimia \u015fi cu omonimia etimologic\u0103.<\/p>\n","protected":false},"featured_media":15349,"comment_status":"open","ping_status":"closed","template":"","meta":[],"product_brand":[],"product_cat":[1464,979],"product_tag":[2019,2020,2017,1183,2021,2018,2016],"class_list":{"0":"post-15348","1":"product","2":"type-product","3":"status-publish","4":"has-post-thumbnail","6":"product_cat-filologie","7":"product_cat-limba-romana","8":"product_tag-clasificare-etimologica","9":"product_tag-clasificare-semantica","10":"product_tag-cristian-moroianu","11":"product_tag-frazeologie","12":"product_tag-paronimie","13":"product_tag-sinonime-lexicale","14":"product_tag-sinonimie","16":"first","17":"instock","18":"shipping-taxable","19":"purchasable","20":"product-type-simple"},"_links":{"self":[{"href":"https:\/\/editura-unibuc.ro\/en\/wp-json\/wp\/v2\/product\/15348","targetHints":{"allow":["GET"]}}],"collection":[{"href":"https:\/\/editura-unibuc.ro\/en\/wp-json\/wp\/v2\/product"}],"about":[{"href":"https:\/\/editura-unibuc.ro\/en\/wp-json\/wp\/v2\/types\/product"}],"replies":[{"embeddable":true,"href":"https:\/\/editura-unibuc.ro\/en\/wp-json\/wp\/v2\/comments?post=15348"}],"wp:featuredmedia":[{"embeddable":true,"href":"https:\/\/editura-unibuc.ro\/en\/wp-json\/wp\/v2\/media\/15349"}],"wp:attachment":[{"href":"https:\/\/editura-unibuc.ro\/en\/wp-json\/wp\/v2\/media?parent=15348"}],"wp:term":[{"taxonomy":"product_brand","embeddable":true,"href":"https:\/\/editura-unibuc.ro\/en\/wp-json\/wp\/v2\/product_brand?post=15348"},{"taxonomy":"product_cat","embeddable":true,"href":"https:\/\/editura-unibuc.ro\/en\/wp-json\/wp\/v2\/product_cat?post=15348"},{"taxonomy":"product_tag","embeddable":true,"href":"https:\/\/editura-unibuc.ro\/en\/wp-json\/wp\/v2\/product_tag?post=15348"}],"curies":[{"name":"wp","href":"https:\/\/api.w.org\/{rel}","templated":true}]}}