{"id":15352,"date":"2016-03-31T16:02:15","date_gmt":"2016-03-31T13:02:15","guid":{"rendered":"https:\/\/editura-unibuc.ro\/?post_type=product&#038;p=15352"},"modified":"2026-02-26T10:47:08","modified_gmt":"2026-02-26T08:47:08","slug":"ekklesia-intre-dogma-si-praxis-o-paradigma-contemporana-a-doctrinei-baptiste-despre-biserica","status":"publish","type":"product","link":"https:\/\/editura-unibuc.ro\/en\/ekklesia-intre-dogma-si-praxis-o-paradigma-contemporana-a-doctrinei-baptiste-despre-biserica\/","title":{"rendered":"EKKLESIA \u00ceNTRE DOGM\u0102 \u015eI PRAXIS. O PARADIGM\u0102 CONTEMPORAN\u0102 A DOCTRINEI BAPTISTE DESPRE BISERIC\u0102"},"content":{"rendered":"<p>Lucrarea de fa\u0163\u0103 vine ca un r\u0103spuns la o nevoie real\u0103 a scenei teologice baptiste \u015fi interconfesionale din Rom\u00e2nia, \u015fi anume, articularea unei ecleziologii din perspectiv\u0103 baptist\u0103.  <\/p>","protected":false},"excerpt":{"rendered":"<p>Lucrarea de fa\u0163\u0103 vine ca un r\u0103spuns la o nevoie real\u0103 a scenei teologice baptiste \u015fi interconfesionale din Rom\u00e2nia, \u015fi anume, articularea unei ecleziologii din perspectiv\u0103 baptist\u0103.<\/p>\n","protected":false},"featured_media":15353,"comment_status":"open","ping_status":"closed","template":"","meta":[],"product_brand":[],"product_cat":[991,999],"product_tag":[2025,2026],"class_list":{"0":"post-15352","1":"product","2":"type-product","3":"status-publish","4":"has-post-thumbnail","6":"product_cat-stiinte-sociale","7":"product_cat-teologie","8":"product_tag-doctrina-baptista","9":"product_tag-sorin-badragan","11":"first","12":"outofstock","13":"shipping-taxable","14":"purchasable","15":"product-type-simple"},"_links":{"self":[{"href":"https:\/\/editura-unibuc.ro\/en\/wp-json\/wp\/v2\/product\/15352","targetHints":{"allow":["GET"]}}],"collection":[{"href":"https:\/\/editura-unibuc.ro\/en\/wp-json\/wp\/v2\/product"}],"about":[{"href":"https:\/\/editura-unibuc.ro\/en\/wp-json\/wp\/v2\/types\/product"}],"replies":[{"embeddable":true,"href":"https:\/\/editura-unibuc.ro\/en\/wp-json\/wp\/v2\/comments?post=15352"}],"wp:featuredmedia":[{"embeddable":true,"href":"https:\/\/editura-unibuc.ro\/en\/wp-json\/wp\/v2\/media\/15353"}],"wp:attachment":[{"href":"https:\/\/editura-unibuc.ro\/en\/wp-json\/wp\/v2\/media?parent=15352"}],"wp:term":[{"taxonomy":"product_brand","embeddable":true,"href":"https:\/\/editura-unibuc.ro\/en\/wp-json\/wp\/v2\/product_brand?post=15352"},{"taxonomy":"product_cat","embeddable":true,"href":"https:\/\/editura-unibuc.ro\/en\/wp-json\/wp\/v2\/product_cat?post=15352"},{"taxonomy":"product_tag","embeddable":true,"href":"https:\/\/editura-unibuc.ro\/en\/wp-json\/wp\/v2\/product_tag?post=15352"}],"curies":[{"name":"wp","href":"https:\/\/api.w.org\/{rel}","templated":true}]}}